{"id":10884,"date":"2026-02-06T14:43:00","date_gmt":"2026-02-06T14:43:00","guid":{"rendered":"https:\/\/www.neue-musik-brandenburg.de\/?page_id=10884"},"modified":"2026-02-09T14:13:20","modified_gmt":"2026-02-09T14:13:20","slug":"ensemble-aventure","status":"publish","type":"page","link":"https:\/\/www.neue-musik-brandenburg.de\/en\/ensemble-aventure\/","title":{"rendered":"Ensemble Aventure"},"content":{"rendered":"\t\t<div data-elementor-type=\"wp-page\" data-elementor-id=\"10884\" class=\"elementor elementor-10884\">\n\t\t\t\t<div class=\"elementor-element elementor-element-2c11cc49 e-flex e-con-boxed e-con e-parent\" data-id=\"2c11cc49\" data-element_type=\"container\" data-e-type=\"container\">\n\t\t\t\t\t<div class=\"e-con-inner\">\n\t\t\t\t<div class=\"elementor-element elementor-element-16a387bb elementor-widget elementor-widget-text-editor\" data-id=\"16a387bb\" data-element_type=\"widget\" data-e-type=\"widget\" data-widget_type=\"text-editor.default\">\n\t\t\t\t<div class=\"elementor-widget-container\">\n\t\t\t\t\t\t\t\t\t\n<div class=\"wp-block-columns is-layout-flex wp-container-core-columns-is-layout-9d6595d7 wp-block-columns-is-layout-flex\">\n<div class=\"wp-block-column is-layout-flow wp-block-column-is-layout-flow\">\n<figure class=\"wp-block-image size-large\"><img fetchpriority=\"high\" decoding=\"async\" width=\"1024\" height=\"850\" class=\"wp-image-10765\" src=\"https:\/\/www.neue-musik-brandenburg.de\/wp-content\/uploads\/2026\/01\/Aventure_ELZ03941c\u00a9Elza-Loginova-1-1024x850.jpg\" alt=\"\" srcset=\"https:\/\/www.neue-musik-brandenburg.de\/wp-content\/uploads\/2026\/01\/Aventure_ELZ03941c\u00a9Elza-Loginova-1-1024x850.jpg 1024w, https:\/\/www.neue-musik-brandenburg.de\/wp-content\/uploads\/2026\/01\/Aventure_ELZ03941c\u00a9Elza-Loginova-1-300x249.jpg 300w, https:\/\/www.neue-musik-brandenburg.de\/wp-content\/uploads\/2026\/01\/Aventure_ELZ03941c\u00a9Elza-Loginova-1-768x638.jpg 768w, https:\/\/www.neue-musik-brandenburg.de\/wp-content\/uploads\/2026\/01\/Aventure_ELZ03941c\u00a9Elza-Loginova-1-1536x1276.jpg 1536w, https:\/\/www.neue-musik-brandenburg.de\/wp-content\/uploads\/2026\/01\/Aventure_ELZ03941c\u00a9Elza-Loginova-1-2048x1701.jpg 2048w\" sizes=\"(max-width: 1024px) 100vw, 1024px\" \/>\n<figcaption class=\"wp-element-caption\">Ensemble Aventure, Foto: Elza Loginova<\/figcaption>\n<\/figure>\n<\/div>\n\n<div class=\"wp-block-column is-layout-flow wp-block-column-is-layout-flow\">\n<p class=\"has-medium-font-size\"><strong>Besetzung bei den intersonanzen 2026:<\/strong><br \/>Phoebe Bogn\u00e1r, Fl\u00f6te<br \/>Andrea Nagy, Klarinette<br \/>Wolfgang R\u00fcdiger, Fagott<br \/>Katharina Schmauder, Violine, Viola<br \/>Ellen Fallowfield, Violoncello<\/p>\n<\/div>\n<\/div>\n\n<p class=\"has-medium-font-size\"><strong>Ensemble Aventure<\/strong> steht f\u00fcr das Abenteuer, f\u00fcr das Wagnis, das der Aufbruch in unbekannte Klang- und Vorstellungswelten bedeutet. Seit seiner Gr\u00fcndung 1986 widmet sich das Freiburger Ensemble der Kammermusik der Gegenwart auf h\u00f6chstem musikalischem Niveau. Zugleich genie\u00dft die Arbeit in den Bereichen Education und Outreach in Form von Workshops mit Studierenden, Projekte mit Kindern und Auftritten mit Laiengruppen einen hohen Stellenwert. Ein zentrales Anliegen ist es, marginalisierten Perspektiven eine Stimme zu geben \u2013 etwa durch den Einsatz f\u00fcr die Musik politisch verfolgter und verdr\u00e4ngter Komponist:innen sowie die Suche nach neuen kompositorischen Stimmen. Mit zahlreichen Urauff\u00fchrungen, internationalen Konzertauftritten, CDs sowie Projekten und Publikationen hat Ensemble Aventure das Musikschaffen der Gegenwart ma\u00dfgeblich mitgepr\u00e4gt.<\/p>\n<p><a href=\"https:\/\/ensemble-aventure.de\/\">ensemble-aventure.de<\/a><\/p>\n\t\t\t\t\t\t\t\t<\/div>\n\t\t\t\t<\/div>\n\t\t\t\t\t<\/div>\n\t\t\t\t<\/div>\n\t\t\t\t<\/div>\n\t\t","protected":false},"excerpt":{"rendered":"<p>Besetzung bei den intersonanzen 2026:Phoebe Bogn\u00e1r, Fl\u00f6teAndrea Nagy, KlarinetteWolfgang R\u00fcdiger, FagottKatharina Schmauder, Violine, ViolaEllen Fallowfield, Violoncello Ensemble Aventure steht f\u00fcr das Abenteuer, f\u00fcr das Wagnis, das der Aufbruch in unbekannte Klang- und Vorstellungswelten bedeutet.&#46;&#46;&#46;<\/p>\n","protected":false},"author":7,"featured_media":0,"parent":0,"menu_order":0,"comment_status":"closed","ping_status":"closed","template":"","meta":{"_custom_body_class":"","_custom_post_class":"","footnotes":""},"class_list":["post-10884","page","type-page","status-publish","hentry"],"translation":{"provider":"WPGlobus","version":"3.0.2","language":"en","enabled_languages":["de","en"],"languages":{"de":{"title":true,"content":true,"excerpt":false},"en":{"title":false,"content":false,"excerpt":false}}},"_links":{"self":[{"href":"https:\/\/www.neue-musik-brandenburg.de\/en\/wp-json\/wp\/v2\/pages\/10884","targetHints":{"allow":["GET"]}}],"collection":[{"href":"https:\/\/www.neue-musik-brandenburg.de\/en\/wp-json\/wp\/v2\/pages"}],"about":[{"href":"https:\/\/www.neue-musik-brandenburg.de\/en\/wp-json\/wp\/v2\/types\/page"}],"author":[{"embeddable":true,"href":"https:\/\/www.neue-musik-brandenburg.de\/en\/wp-json\/wp\/v2\/users\/7"}],"replies":[{"embeddable":true,"href":"https:\/\/www.neue-musik-brandenburg.de\/en\/wp-json\/wp\/v2\/comments?post=10884"}],"version-history":[{"count":7,"href":"https:\/\/www.neue-musik-brandenburg.de\/en\/wp-json\/wp\/v2\/pages\/10884\/revisions"}],"predecessor-version":[{"id":10928,"href":"https:\/\/www.neue-musik-brandenburg.de\/en\/wp-json\/wp\/v2\/pages\/10884\/revisions\/10928"}],"wp:attachment":[{"href":"https:\/\/www.neue-musik-brandenburg.de\/en\/wp-json\/wp\/v2\/media?parent=10884"}],"curies":[{"name":"wp","href":"https:\/\/api.w.org\/{rel}","templated":true}]}}