{"id":1103,"date":"2022-01-12T09:32:33","date_gmt":"2022-01-12T09:32:33","guid":{"rendered":"http:\/\/neue-musik-brandenburg.multisensoriale.de\/?page_id=1103"},"modified":"2026-03-28T12:39:45","modified_gmt":"2026-03-28T12:39:45","slug":"impressum","status":"publish","type":"page","link":"https:\/\/www.neue-musik-brandenburg.de\/en\/impressum\/","title":{"rendered":"Imprint"},"content":{"rendered":"<\/p>\n\n\n<h2 class=\"wp-block-heading\">Impressum<\/h2>\n\n\n\n<p><strong>Potsdam<\/strong><br>&nbsp;&nbsp; &nbsp;<br>BVNM e.V.<br>Charlottenstr. 31<br><br>14467 Potsdam &nbsp;&nbsp; &nbsp;<br>&nbsp;&nbsp; &nbsp;&nbsp;&nbsp; &nbsp;<\/p>\n\n\n\n<hr \/>\n\n\n\n<p>Amtsgericht Potsdam, VR 7993 P<br>&nbsp;&nbsp; &nbsp;<br>&nbsp;&nbsp; &nbsp;&nbsp;&nbsp; &nbsp;<br>Telefon: +49 331 270 1130<br>Telefax: +49 331 270 4393<br><br>eMail: &nbsp;&nbsp; <a href=\"mailto:info@neue-musik-brandenburg.de\">info@neue-musik-brandenburg.de<\/a><br><br>Vorsitzender:&nbsp; &nbsp; &nbsp;Klaus Sch\u00f6pp<br><br>&nbsp; &nbsp;&nbsp;&nbsp;<br><br>Satzung und Aufnahmeformular finden Sie in der Rubrik \u2018\u00dcber uns\u2018.<\/p>\n\n\n\n<p><strong>Potsdam<\/strong><br>&nbsp;&nbsp; &nbsp;<br>BVNM e.V.<br>Charlottenstr. 31<br><br>14467 Potsdam &nbsp;&nbsp; &nbsp;<br>&nbsp;&nbsp; &nbsp;&nbsp;&nbsp; &nbsp;<\/p>\n\n\n\n<hr \/>\n\n\n\n<p>Amtsgericht Potsdam, VR 7993 P<br>&nbsp;&nbsp; &nbsp;<br>&nbsp;&nbsp; &nbsp;&nbsp;&nbsp; &nbsp;<br>Telefon: +49 331 270 1130<br>Telefax: +49 331 270 4393<br><br>eMail: &nbsp;&nbsp; <a href=\"mailto:info@neue-musik-brandenburg.de\">info@neue-musik-brandenburg.de<\/a><br><br>Vorsitzender:&nbsp; &nbsp; &nbsp;Klaus Sch\u00f6pp<br><br>&nbsp; &nbsp;&nbsp;&nbsp;<br><br>Satzung und Aufnahmeformular finden Sie in der Rubrik \u2018\u00dcber uns\u2018.<\/p>\n\n\n\n<hr \/>\n\n\n\n<p><strong>Disclaimer<\/strong><\/p>\n\n\n\n<p>Der Autor \u00fcbernimmt keinerlei Gew\u00e4hr f\u00fcr Aktualit\u00e4t und Qualit\u00e4t der bereitgestellten Informationen. Damit sind Haftungsanspr\u00fcche gegen den Autor, die aus Sch\u00e4den, die im mittel- oder unmittelbaren Zusammenhang mit der Verwendung von Daten, Angaben und Informationen entstehen oder entstanden sind, grunds\u00e4tzlich ausgeschlossen. Der Autor weist ausdr\u00fccklich darauf hin, dass bei direkten oder indirekten Verweisen auf Links anderer Anbieter oder Internetnutzer, die nicht im Bereich der technischen und tats\u00e4chlichen Zug\u00e4nglichkeit durch den Autor liegen, keine Haftungsanspr\u00fcche geltend gemacht werden k\u00f6nnen. Das trifft f\u00fcr alle innerhalb der eigenen eingesetzten Verkn\u00fcpfungen zu.<br><br>Der Autor ist verpflichtet alle Urheberrechte der publizierten Texte, Bilder, Grafiken und Logos einzuhalten. Alle gemachten Nennungen von Namen und Marken bedeuten nicht, dass die Verwendung nicht durch Rechte Dritter gesch\u00fctzt ist.<br><br>Der Autor beh\u00e4lt sich vor, Teile von Seiten oder ganze Seiten ohne Ank\u00fcndigung zu ver\u00e4ndern, zu erg\u00e4nzen oder ganz zu l\u00f6schen. Alle Rechte einer Publikation von Teilen oder ganzen Seiten liegen ausschlie\u00dflich beim Autor und sind urheberrechtlich gesch\u00fctzt. Ver\u00f6ffentlichungen ganz oder in Ausz\u00fcgen sind nur mit schriftlicher Zustimmung durch den Autor erlaubt.<br>Der Autor verpflichtet sich, alle durch den Nutzer eingegebenen pers\u00f6nlichen oder gesch\u00e4ftlichen Daten, z.B. Bei der \u00dcbermittlung des Kontaktformulars, entsprechend den Bestimmungen des Datenschutzes zu behandeln und eine Weitergabe an dritte auszuschlie\u00dfen.<\/p>\n\n\n\n<hr \/>\n\n\n\n<p><strong>Diese web page entstand mit freundlicher Unterst\u00fctzung durch das MWFK Land Brandenburg aus dem Projekt &#8220;Digitaler Wandel&#8221; 2021<\/strong><\/p>\n\n\n\n<figure><img decoding=\"async\" src=\"http:\/\/neue-musik-brandenburg.multisensoriale.de\/wp-content\/uploads\/2022\/03\/Logo-Land-Brandenburg-MWFK.jpg\" alt=\"\" width=\"141\" height=\"147\" \/><\/figure>\n\n\n<p>","protected":false},"excerpt":{"rendered":"<p>Impressum Potsdam&nbsp;&nbsp; &nbsp;BVNM e.V.Charlottenstr. 31 14467 Potsdam &nbsp;&nbsp; &nbsp;&nbsp;&nbsp; &nbsp;&nbsp;&nbsp; &nbsp; Amtsgericht Potsdam, VR 7993 P&nbsp;&nbsp; &nbsp;&nbsp;&nbsp; &nbsp;&nbsp;&nbsp; &nbsp;Telefon: +49 331 270 1130Telefax: +49 331 270 4393 eMail: &nbsp;&nbsp; info@neue-musik-brandenburg.de Vorsitzender:&nbsp; &nbsp; &nbsp;Klaus Sch\u00f6pp&#46;&#46;&#46;<\/p>\n","protected":false},"author":1,"featured_media":0,"parent":0,"menu_order":0,"comment_status":"closed","ping_status":"closed","template":"","meta":{"_custom_body_class":"","_custom_post_class":"","footnotes":""},"class_list":["post-1103","page","type-page","status-publish","hentry"],"translation":{"provider":"WPGlobus","version":"3.0.2","language":"en","enabled_languages":["de","en"],"languages":{"de":{"title":true,"content":true,"excerpt":false},"en":{"title":true,"content":true,"excerpt":false}}},"_links":{"self":[{"href":"https:\/\/www.neue-musik-brandenburg.de\/en\/wp-json\/wp\/v2\/pages\/1103","targetHints":{"allow":["GET"]}}],"collection":[{"href":"https:\/\/www.neue-musik-brandenburg.de\/en\/wp-json\/wp\/v2\/pages"}],"about":[{"href":"https:\/\/www.neue-musik-brandenburg.de\/en\/wp-json\/wp\/v2\/types\/page"}],"author":[{"embeddable":true,"href":"https:\/\/www.neue-musik-brandenburg.de\/en\/wp-json\/wp\/v2\/users\/1"}],"replies":[{"embeddable":true,"href":"https:\/\/www.neue-musik-brandenburg.de\/en\/wp-json\/wp\/v2\/comments?post=1103"}],"version-history":[{"count":24,"href":"https:\/\/www.neue-musik-brandenburg.de\/en\/wp-json\/wp\/v2\/pages\/1103\/revisions"}],"predecessor-version":[{"id":11204,"href":"https:\/\/www.neue-musik-brandenburg.de\/en\/wp-json\/wp\/v2\/pages\/1103\/revisions\/11204"}],"wp:attachment":[{"href":"https:\/\/www.neue-musik-brandenburg.de\/en\/wp-json\/wp\/v2\/media?parent=1103"}],"curies":[{"name":"wp","href":"https:\/\/api.w.org\/{rel}","templated":true}]}}