{"id":1290,"date":"2022-01-16T13:02:34","date_gmt":"2022-01-16T13:02:34","guid":{"rendered":"http:\/\/neue-musik-brandenburg.multisensoriale.de\/?page_id=1290"},"modified":"2026-03-28T12:41:54","modified_gmt":"2026-03-28T12:41:54","slug":"aus-der-eu-datenschutz-grundverordnung","status":"publish","type":"page","link":"https:\/\/www.neue-musik-brandenburg.de\/en\/aus-der-eu-datenschutz-grundverordnung\/","title":{"rendered":"Data Protection Regulation"},"content":{"rendered":"\n<h2 class=\"wp-block-heading has-pale-cyan-blue-color has-text-color\" id=\"aus-der-eu-datenschutz-grundverordnung\">Aus der EU Datenschutz-Grundverordnung<\/h2>\n\n\n\n<h2 class=\"wp-block-heading\" id=\"datenschutzerklarung\"><strong>Datenschutzerkl\u00e4rung<\/strong><\/h2>\n\n\n\n<p>Die Website www.neue-musik-brandenburg.de wird von dem Internet-Service-Provider Yellowhost gehostet.<\/p>\n\n\n\n<p>Eine Nutzung der Website www.neue-musik-brandenburg.de ist grunds\u00e4tzlich ohne die Angabe personenbezogener Daten m\u00f6glich. Welche personenbeziehbaren Daten technisch bedingt bei der Benutzung dieser \u2013 wie auch jeder anderen Website \u2013 z.B. auf den Servern des Hosters erfasst werden, ist im Absatz \u00bbServerlogfiles\u00ab dargestellt.<\/p>\n\n\n\n<h2 class=\"wp-block-heading\" id=\"ubermittlung-personenbezogener-daten\"><strong>\u00dcbermittlung personenbezogener Daten<\/strong><\/h2>\n\n\n\n<p>Personenbezogene Daten, die Benutzer freiwillig \u2013 z.B. im Rahmen der Kontaktaufnahme \u00fcber das E-Mail-Formular \u2013 an die Betreiberin \u00fcbermitteln, werden SSL-verschl\u00fcsselt an die Betreiberin weitergeleitet (E-Mail). Ihre auf diesem Wege \u00fcbermittelten personenbezogenen Daten werden f\u00fcr die Bearbeitung der Anfrage sowie f\u00fcr den Fall, dass Anschlussfragen entstehen, gespeichert. Die Speicherung und Verarbeitung Ihrer personenbezogenen Daten erfolgt in \u00dcbereinstimmung mit den geltenden Datenschutzbestimmungen. Die Nutzung Ihrer personenbezogenen Daten erfolgt nur in dem Umfang und zu dem Zweck, zu dem Sie der Betreiberin Ihre Einwilligung erteilt haben. Sie werden nicht an Dritte weitergegeben.<\/p>\n\n\n\n<p>Auskunft dar\u00fcber, welche Ihrer personenbezogenen Daten bei der Betreiberin gespeichert sind und f\u00fcr welche Verwendung Sie der Betreiberin Ihr Einverst\u00e4ndnis erteilt haben, erhalten Sie gerne auf Anfrage per Post oder per E-Mail.<\/p>\n\n\n\n<p>Ihre Einwilligung zur Verwendung Ihrer personenbezogenen Daten k\u00f6nnen Sie jederzeit per Post oder per E-Mail f\u00fcr die Zukunft \u00e4ndern oder vollst\u00e4ndig widerrufen. Widerrufen Sie die Verwendung Ihrer personenbezogenen Daten werden diese vollst\u00e4ndig gel\u00f6scht. Eine sp\u00e4tere Reaktivierung ist dann nicht mehr m\u00f6glich.<\/p>\n\n\n\n<h2 class=\"wp-block-heading\" id=\"sicherheit\"><strong>Sicherheit<\/strong><\/h2>\n\n\n\n<p>Um den Datentransfer so sicher wie m\u00f6glich zu gestalten, verwendet diese Website eine SSL- Verschl\u00fcsselung. Zu erkennen an dem Pr\u00e4fix https:\/\/&#8230;). Dennoch kann elektronische Kommunikation nie vollkommen sicher sein. Alle Daten und Informationen, die Sie online abrufen und\/oder \u00fcbermitteln, k\u00f6nnen von Dritten auf widerrechtlichem Wege erlangt werden. F\u00fcr die Offenlegung von Informationen durch Fehler und\/oder widerrechtlichen Zugriff bei der Daten\u00fcbertragung durch Dritte k\u00f6nnen wir keine Verantwortung oder Haftung \u00fcbernehmen. Sie k\u00f6nnen darum Ihre Mitteilungen und personenbezogenen Daten auch immer auf alternativen Wegen, beispielsweise telefonisch oder per Post an uns \u00fcbermitteln.<\/p>\n\n\n\n<h2 class=\"wp-block-heading\" id=\"serverlogfiles\"><strong>Serverlogfiles<\/strong><\/h2>\n\n\n\n<p>Bei jedem Zugriff eines Nutzers auf eine Seite aus dem Angebot www.neue-musik-brandenburg.de und bei jedem Abruf einer Datei werden beim Internet-Service-Provider Daten \u00fcber diesen Vorgang in Serverlogfiles gespeichert. Erfasst werden k\u00f6nnen:<\/p>\n\n\n\n<ul class=\"wp-block-list\">\n<li>die Seite, von der aus die Datei angefordert wurde<\/li>\n\n\n\n<li>der Dateiname der abgerufenen Datei<\/li>\n\n\n\n<li>das Datum und die Uhrzeit des Abrufs<\/li>\n\n\n\n<li>die \u00fcbertragene Datenmenge<\/li>\n\n\n\n<li>der Zugriffsstatus (Datei \u00fcbertragen, Datei nicht gefunden etc.)<\/li>\n\n\n\n<li>die Bezeichnung des verwendeten Webbrowsers<\/li>\n\n\n\n<li>die IP-Adresse des anfragenden Ger\u00e4ts<\/li>\n\n\n\n<li>der anfragende Provider<\/li>\n\n\n\n<li>das Betriebssystem des anfragenden Ger\u00e4ts<\/li>\n\n\n\n<li>sowie weitere \u00e4hnliche Informationen, die der Gefahrenabwehr im Falle von Angriffen auf die Systeme des Providers dienen.<\/li>\n<\/ul>\n\n\n\n<p>Diese Informationen werden ben\u00f6tigt, um die Inhalte dieser Website korrekt an Sie ausliefern zu k\u00f6nnen, um die Sicherheit des informationstechnologischen Systems und der Technik des Providers zu gew\u00e4hrleisten sowie um der Verpflichtung nachkommen zu k\u00f6nnen Strafverfolgungsbeh\u00f6rden im Falle eines Cyberangriffes die zur Strafverfolgung notwendigen Informationen bereitzustellen.<\/p>\n\n\n\n<p>Diese Daten werden auf dem Server des Providers gespeichert und nur anonymisiert zu statistischen Zwecken \u00fcber die Nutzung der Website verwendet. R\u00fcckschl\u00fcsse auf einzelne Personen und deren Nutzungsverhalten sind daraus nicht m\u00f6glich. Eine Weitergabe an Dritte, auch in Ausz\u00fcgen, findet nicht statt. Vorbehalten bleibt die gesetzliche Verpflichtung gegen\u00fcber zust\u00e4ndigen Beh\u00f6rden diese Daten nachtr\u00e4glich zu pr\u00fcfen oder pr\u00fcfen zu lassen, wenn konkrete Anhaltspunkte f\u00fcr eine rechtswidrige Nutzung bekannt werden.<\/p>\n\n\n\n<h2 class=\"wp-block-heading\" id=\"e-mail-newsletter\"><strong>E-Mail-Newsletter<\/strong><\/h2>\n\n\n\n<p>Im Rahmen dieser Website besteht die M\u00f6glichkeit, sich f\u00fcr den Empfang eines E-Mail-Newsletters durch \u00fcbermitteln der E-Mail-Adresse \u00fcber das Mail-Formular. Der Versand dieses Newsletters erfolgt \u00fcber das private E-Mail-Programm von Thomas Gerwin. Welche personenbezogenen Daten bei der Bestellung des Newsletters \u00fcbermittelt werden, ergibt sich aus den Angaben bei der Bestellung eines Newsletters.<\/p>\n\n\n\n<p>Der E-Mail-Newsletter kann grunds\u00e4tzlich nur dann versandt werden, wenn die sich registrierende Person eine g\u00fcltige E-Mail-Adresse angegeben hat und sich ausdr\u00fccklich f\u00fcr den Newsletterversand entschieden hat.<\/p>\n\n\n\n<p>Die im Rahmen einer Anmeldung zum E-Mail-Newsletter erhobenen personenbezogenen Daten werden ausschlie\u00dflich zum Versand des E-Mail-Newsletters verwendet und nicht an Dritte weitergegeben. Dar\u00fcberhinaus k\u00f6nnen registrierte Empf\u00e4nger des E-Mail-Newsletters auch per pers\u00f6nlicher E-Mail angeschrieben werden, sofern dies f\u00fcr den Betrieb&nbsp; erforderlich ist.<\/p>\n\n\n\n<p>Die Einwilligung in die Speicherung und Verwendung der personenbezogenen Daten kann aber auch \u00fcber eine weitere Mail jederzeit widerrufen werden.<\/p>\n\n\n\n<h2 class=\"wp-block-heading\" id=\"cookies\"><strong>Cookies<\/strong><\/h2>\n\n\n\n<p>Diese Website verwendet keine Cookies.<\/p>\n\n\n\n<h2 class=\"wp-block-heading\" id=\"profiling-und-automatisierte-entscheidungsfindungen\"><strong>Profiling und automatisierte Entscheidungsfindungen<\/strong><\/h2>\n\n\n\n<p>Der Verein neue-musik-brandenburg.de setzt keine Verfahren zur automatisierten Entscheidungsfindung und\/oder zum Profiling ein.<\/p>\n\n\n\n<h2 class=\"wp-block-heading\" id=\"eigenstandiges-loschen-von-personenbezogenen-daten\"><strong>Eigenst\u00e4ndiges L\u00f6schen von personenbezogenen Daten<\/strong><\/h2>\n\n\n\n<p>Personenbezogene Daten werden nur f\u00fcr den Zeitraum gespeichert, der zur Erreichung des Speicherungszwecks erforderlich ist. Entf\u00e4llt der Speicherungszweck oder l\u00e4uft eine gesetzlich vorgeschriebene Speicherfrist ab, werden die personenbezogenen Daten eigenst\u00e4ndig gel\u00f6scht.<br><\/p>\n\n\n\n<h2 class=\"wp-block-heading\" id=\"hinweis-zur-verantwortlichen-stelle\"><strong>Hinweis zur verantwortlichen Stelle<\/strong><\/h2>\n\n\n\n<p>Die verantwortliche Stelle f\u00fcr die Datenverarbeitung auf dieser Website ist:<br><\/p>\n\n\n\n<p>Klaus Sch\u00f6pp<\/p>\n\n\n\n<p>BVNM e.V.<br>Charlottenstr. 31<br><br>14467 Potsdam &nbsp;&nbsp; &nbsp;<\/p>\n\n\n\n<h2 class=\"wp-block-heading\" id=\"ihre-rechte\"><strong>Ihre Rechte<\/strong><\/h2>\n\n\n\n<p><a href=\"https:\/\/www.datenschutz-berlin.de\" target=\"_blank\" rel=\"noreferrer noopener\">Das deutsche und europ\u00e4ische Datenschutzrecht gibt Ihnen eine Vielzahl von Rechten im Hinblick auf Ihre pers\u00f6nlichen Daten.<\/a> Sie haben insbesondere jederzeit das Recht eine Best\u00e4tigung dar\u00fcber zu verlangen, ob Sie betreffende personenbezogene Daten verarbeitet werden, Auskunft dar\u00fcber zu erhalten welche personenbezogenen Daten gespeichert und verarbeitet werden, zu welchen Zwecken die Daten verwendet werden sowie falls m\u00f6glich die geplante Dauer, f\u00fcr die die personenbezogenen Daten gespeichert werden, oder, falls dies nicht m\u00f6glich ist, die Kriterien f\u00fcr die Festlegung dieser Dauer. Sie haben ausserdem das Recht eine Berichtigung oder die L\u00f6schung der Sie betreffenden personenbezogenen Daten zu verlangen sowie deren Verwendung einzuschr\u00e4nken oder der Verwendung ganz zu widersprechen. Sie k\u00f6nnen Auskunft \u00fcber die Herkunft der personenbezogenen Daten verlangen, sowie verlangen, die Sie betreffenden personenbezogenen Daten in einem strukturierten, g\u00e4ngigen und maschinenlesbaren Format ausgeh\u00e4ndigt zu bekommen. Es steht Ihnen frei, diese Daten anschlie\u00dfend einem anderen Verantwortlichen zu \u00fcbermitteln. Sie k\u00f6nnen sogar verlangen, dass wir \u2013 soweit dies technisch machbar ist und sofern hiervon nicht die Rechte und Freiheiten anderer Personen beeintr\u00e4chtigt werden \u2013 Ihre personenbezogenen Daten direkt an einen anderen Verantwortlichen \u00fcbermitteln.<\/p>\n\n\n\n<p>Und nat\u00fcrlich k\u00f6nnen Sie sich bei der zust\u00e4ndigen Aufsichtsbeh\u00f6rde beschweren.<\/p>\n\n\n\n<p>Berliner <a href=\"https:\/\/www.datenschutz-berlin.de\" target=\"_blank\" rel=\"noreferrer noopener\">Beauftragte f\u00fcr Datenschutz und Informationsfreiheit.<\/a><\/p>\n\n\n\n<h2 class=\"wp-block-heading\" id=\"rechtswirksamkeit-dieser-datenschutzerklarung\"><strong>Rechtswirksamkeit dieser Datenschutzerkl\u00e4rung<\/strong><\/h2>\n\n\n\n<p>Diese Datenschutzerkl\u00e4rung ist als Teil des Internetangebots www.neue-musik-brandenburg.de zu betrachten. Sofern Teile oder einzelne Formulierungen dieser Datenschutzerkl\u00e4rung der geltenden Rechtslage nicht, nicht mehr oder nicht vollst\u00e4ndig entsprechen sollten, bleiben die \u00fcbrigen Teile dieser Datenschutzerkl\u00e4rung in ihrem Inhalt und ihrer G\u00fcltigkeit davon unber\u00fchrt.<\/p>\n\n\n\n<p>zuschlie\u00dfen.<\/p>\n","protected":false},"excerpt":{"rendered":"<p>Aus der EU Datenschutz-Grundverordnung Datenschutzerkl\u00e4rung Die Website www.neue-musik-brandenburg.de wird von dem Internet-Service-Provider Yellowhost gehostet. Eine Nutzung der Website www.neue-musik-brandenburg.de ist grunds\u00e4tzlich ohne die Angabe personenbezogener Daten m\u00f6glich. Welche personenbeziehbaren Daten technisch bedingt bei der&#46;&#46;&#46;<\/p>\n","protected":false},"author":1,"featured_media":0,"parent":0,"menu_order":0,"comment_status":"closed","ping_status":"closed","template":"","meta":{"_custom_body_class":"","_custom_post_class":"","footnotes":""},"class_list":["post-1290","page","type-page","status-publish","hentry"],"translation":{"provider":"WPGlobus","version":"3.0.2","language":"en","enabled_languages":["de","en"],"languages":{"de":{"title":true,"content":true,"excerpt":false},"en":{"title":true,"content":false,"excerpt":false}}},"_links":{"self":[{"href":"https:\/\/www.neue-musik-brandenburg.de\/en\/wp-json\/wp\/v2\/pages\/1290","targetHints":{"allow":["GET"]}}],"collection":[{"href":"https:\/\/www.neue-musik-brandenburg.de\/en\/wp-json\/wp\/v2\/pages"}],"about":[{"href":"https:\/\/www.neue-musik-brandenburg.de\/en\/wp-json\/wp\/v2\/types\/page"}],"author":[{"embeddable":true,"href":"https:\/\/www.neue-musik-brandenburg.de\/en\/wp-json\/wp\/v2\/users\/1"}],"replies":[{"embeddable":true,"href":"https:\/\/www.neue-musik-brandenburg.de\/en\/wp-json\/wp\/v2\/comments?post=1290"}],"version-history":[{"count":7,"href":"https:\/\/www.neue-musik-brandenburg.de\/en\/wp-json\/wp\/v2\/pages\/1290\/revisions"}],"predecessor-version":[{"id":11205,"href":"https:\/\/www.neue-musik-brandenburg.de\/en\/wp-json\/wp\/v2\/pages\/1290\/revisions\/11205"}],"wp:attachment":[{"href":"https:\/\/www.neue-musik-brandenburg.de\/en\/wp-json\/wp\/v2\/media?parent=1290"}],"curies":[{"name":"wp","href":"https:\/\/api.w.org\/{rel}","templated":true}]}}