{"id":2068,"date":"2022-02-03T12:34:09","date_gmt":"2022-02-03T12:34:09","guid":{"rendered":"http:\/\/neue-musik-brandenburg.multisensoriale.de\/?page_id=2068"},"modified":"2025-01-15T12:27:41","modified_gmt":"2025-01-15T12:27:41","slug":"re-sonanz","status":"publish","type":"page","link":"https:\/\/www.neue-musik-brandenburg.de\/en\/re-sonanz\/","title":{"rendered":"re-sonanz"},"content":{"rendered":"<p><\/p>\n\n\n<\/p>\n<hr \/>\n<p>\n\n\n<p><\/p>\n<p><\/p>\n\n\n<\/p>\n<figure><img fetchpriority=\"high\" decoding=\"async\" src=\"https:\/\/www.neue-musik-brandenburg.de\/wp-content\/uploads\/2022\/04\/re-sonanzen2022-Logo.jpg\" alt=\"\" width=\"491\" height=\"453\" \/><\/figure>\n<p>\n\n\n<p><\/p>\n<p><\/p>\n\n\n<\/p>\n<h1 class=\"wp-block-heading\"><strong>re-sonanz 2023\u00a0\u00a0\u00a0 \u00a0\u00a0 \u00a0\u00a0\u00a0\u00a0\u00a0\u00a0\u00a0\u00a0\u00a0\u00a0\u00a0\u00a0\u00a0\u00a0\u00a0\u00a0\u00a0\u00a0\u00a0\u00a0\u00a0 \u00a0 \u00a0 \u00a0 \u00a0 \u00a0 \u00a0 \u00a0 \u00a0 \u00a0 \u00a0 \u00a0 \u00a0 \u00a0 \u00a0 \u00a0\u00a0\u00a0\u00a0\u00a0\u00a0\u00a0\u00a0\u00a0\u00a0\u00a0\u00a0\u00a0\u00a0\u00a0\u00a0\u00a0\u00a0\u00a0\u00a0\u00a0\u00a0<\/strong><\/h1>\n<p>\n\n\n<p><\/p>\n<p><\/p>\n\n\n<\/p>\n<p><strong>Konzertreihe des Brandenburgischen Vereins Neue Musik e.V. im KunstHaus Potsdam<\/strong><\/p>\n<p>\n\n\n<p><\/p>\n<p><\/p>\n\n\n<\/p>\n<hr \/>\n<p>\n\n\n<p><\/p>\n<p><\/p>\n\n\n<\/p>\n<p>\n\n\n<p><\/p>\n<p><\/p>\n\n\n<\/p>\n<p>Das einmal j\u00e4hrlich stattfindende \u201eBrandenburgische Fest der Neuen Musik &#8211; intersonanzen\u201c soll auch im \u00fcbrigen Jahr regelm\u00e4\u00dfig Neue Musik pr\u00e4sentieren und so in die Stadt und die Region ausstrahlen &#8211; durch die neue Potsdamer Konzertreihe \u201ere-sonanz\u201c. Die kleine Reihe begann im Oktober 2020 und er\u00f6ffnete damit die Kooperation des Brandenburgischen Verein Neue Musik e.V. mit dem Kunstverein KunstHaus Potsdam e.V. 2021 fanden corona-bedingt nur wenige Konzerte statt, 2022 gab es planm\u00e4\u00dfig 6 Konzerte. <br \/>F\u00fcr 2023 sind nun wieder insgesamt 6 Konzerte in Einzel-Besetzung geplant. Renommierte Solist*innen pr\u00e4sentieren Neue Musik aus Brandenburg und internationales Repertoire. Die Konzerte sind konzeptionell jeweils in Bezug zu den wechselnden Ausstellungen im KunstHaus Potsdam gesetzt, w\u00e4hrend der bzw. in denen sie stattfinden.<br \/>Diskurs: Im Anschluss an die Konzerte gibt es immer noch ein kurzes Gespr\u00e4ch des k\u00fcnstlerischen Leiters Thomas Gerwin mit den Musiker*innen, den anwesenden Komponist*innen und dem Publikum \u00fcber das soeben Erlebte.<\/p>\n<p>\n\n\n<p><\/p>\n<p><\/p>\n\n\n<\/p>\n<hr \/>\n<p>\n\n\n<p><\/p>\n<p><\/p>\n\n\n<\/p>\n<h2 class=\"wp-block-heading\"><strong><mark style=\"background-color: rgba(0, 0, 0, 0);\">Termine + K\u00fcnstler*innen:\u00a0 Donnerstag um 19 Uhr<\/mark><\/strong><\/h2>\n<p>\n\n\n<p><\/p>\n<p><\/p>\n\n\n<\/p>\n<p><strong>16. 02. 2023 Ulrike Brand, Violoncello<\/strong>\u00a0 <a href=\"https:\/\/www.neue-musik-brandenburg.de\/wp-content\/uploads\/2023\/03\/re-sonanz-2023-Abendprogramm-BRAND.pdf\" target=\"_blank\" rel=\"noopener\">&gt; Abendprogramm als PDF<\/a><\/p>\n<p>\n\n\n<p><\/p>\n<p><\/p>\n\n\n<\/p>\n<p><strong>13. 04. 2022 Damir Bacikin, Trompete<\/strong>\u00a0<\/p>\n<p>\n\n\n<p><\/p>\n<p><\/p>\n\n\n<\/p>\n<p><strong>15. 06. 2022 Tobias Lampelzammer, Kontraba\u00df<\/strong><\/p>\n<p>\n\n\n<p><\/p>\n<p><\/p>\n\n\n<\/p>\n<p><strong>17. 08. 2022 Mike Flemming, Viola<\/strong>\u00a0\u00a0<\/p>\n<p>\n\n\n<p><\/p>\n<p><\/p>\n\n\n<\/p>\n<p><strong>19. 10. 2022<\/strong> <strong>Claudia Herr, Sopran\u00a0<\/strong><\/p>\n<p>\n\n\n<p><\/p>\n<p><\/p>\n\n\n<\/p>\n<p><strong>14. 12. 2022<\/strong> <strong>Yvonne Zehner, Gitarre<\/strong><\/p>\n<p>\n\n\n<p><\/p>\n<p><\/p>\n\n\n<\/p>\n<p>&nbsp;<\/p>\n<p>\n\n\n<p><\/p>\n<p><\/p>\n\n\n<\/p>\n<hr \/>\n<p>\n\n\n<p><\/p>\n<p><\/p>\n\n\n<\/p>\n<h3 class=\"wp-block-heading\">Adresse:<strong> KunstHaus Potsdam, Ulanenweg 9, 14469 Potsdam<\/strong><\/h3>\n<p>\n\n\n<p><\/p>\n<p><\/p>\n\n\n<\/p>\n<p>Veranstalter: <br \/><strong>Brandenburgischer Verein Neue Musik e.V<\/strong>. in Kooperation mit dem <strong>Kunstverein KunstHaus Potsdam e.V<\/strong>. <a href=\"https:\/\/www.kvkhpotsdam.de\">www.kvkhpotsdam.de<\/a> <br \/>Mit freundlicher Unterst\u00fctzung des Ministeriums f\u00fcr Wissenschaft, Forschung und Kultur des Landes Brandenburg und der Landeshauptstadt Potsdam<\/p>\n<p>\n\n\n<p><\/p>\n<p><\/p>\n\n\n<\/p>\n<p class=\"is-layout-flex wp-container-core-columns-is-layout-9d6595d7 wp-block-columns-is-layout-flex\">\n\n<\/p>\n\u00a0\n<p class=\"is-layout-flow wp-block-column-is-layout-flow\">\n\n<\/p>\n<p>\n\n<\/p>\n<p class=\"is-layout-flow wp-block-column-is-layout-flow\">\n\n<\/p>\n<figure><img decoding=\"async\" src=\"https:\/\/www.neue-musik-brandenburg.de\/wp-content\/uploads\/2021\/12\/KHP-Logo-2020_3_Grund-Weiss_Typo-Grau-Gruen_RGB.jpg\" alt=\"\" width=\"144\" height=\"144\" \/><\/figure>\n<p>\n\n<\/p>\n<p>\n\n<\/p>\n<p>\n\n<\/p>\n\u00a0\n<p class=\"is-layout-flow wp-block-column-is-layout-flow\">\n\n<\/p>\n<p>\n\n\n<p><\/p>\n<p><\/p>\n\n\n<\/p>\n<p>Mit freundlicher Unterst\u00fctzung des Ministeriums f\u00fcr Wissenschaft, Forschung und Kultur des Landes Brandenburg und der Landeshauptstadt Potsdam<\/p>\n<p>\n\n\n<p><\/p>\n<p><\/p>\n\n\n<\/p>\n<p class=\"is-layout-flex wp-container-core-columns-is-layout-9d6595d7 wp-block-columns-is-layout-flex\">\n\n<\/p>\n<p class=\"is-layout-flow wp-block-column-is-layout-flow\">\n\n<\/p>\n<figure><img decoding=\"async\" src=\"https:\/\/www.neue-musik-brandenburg.de\/wp-content\/uploads\/2021\/12\/lg_mwfk.jpg\" alt=\"\" width=\"103\" height=\"73\" \/><\/figure>\n<p>\n\n<\/p>\n<p>\n\n<\/p>\n<p>\n\n<\/p>\n<p class=\"is-layout-flow wp-block-column-is-layout-flow\">\n\n<\/p>\n<figure><img loading=\"lazy\" decoding=\"async\" src=\"https:\/\/www.neue-musik-brandenburg.de\/wp-content\/uploads\/2021\/12\/LHPgefoerdert_Logo_blau.jpg\" alt=\"\" width=\"183\" height=\"88\" \/><\/figure>\n<p>\n\n<\/p>\n<p>\n\n<\/p>\n<p>\n\n<\/p>\n<p class=\"is-layout-flow wp-block-column-is-layout-flow\">\n\n<\/p>\n<figure><img loading=\"lazy\" decoding=\"async\" src=\"https:\/\/www.neue-musik-brandenburg.de\/wp-content\/uploads\/2021\/12\/nnm_logo.jpg.jpg\" alt=\"\" width=\"206\" height=\"45\" \/><\/figure>\n<p>\n\n<\/p>\n<p>\n\n<\/p>\n<p>\n\n<\/p>\n\u00a0\n<p class=\"is-layout-flow wp-block-column-is-layout-flow\">\n\n<\/p>\n<p>\n\n<\/p>\n\u00a0\n<p class=\"is-layout-flow wp-block-column-is-layout-flow\">\n\n<\/p>\n<p>\n\n\n<p><\/p>\n<p><\/p>\n\n\n<\/p>\n<p><strong>Kartenvorbestellung m\u00f6glich unter:<\/strong>\u00a0 <a href=\"mailto:info@neue-musik-brandenburg.de\">info@neue-musik-brandenburg.de<\/a>\u00a0 \u00a0\u00a0Eintritt frei.<\/p>\n<p>\n\n\n<p><\/p>","protected":false},"excerpt":{"rendered":"<p>re-sonanz 2023\u00a0\u00a0\u00a0 \u00a0\u00a0 \u00a0\u00a0\u00a0\u00a0\u00a0\u00a0\u00a0\u00a0\u00a0\u00a0\u00a0\u00a0\u00a0\u00a0\u00a0\u00a0\u00a0\u00a0\u00a0\u00a0\u00a0 \u00a0 \u00a0 \u00a0 \u00a0 \u00a0 \u00a0 \u00a0 \u00a0 \u00a0 \u00a0 \u00a0 \u00a0 \u00a0 \u00a0 \u00a0\u00a0\u00a0\u00a0\u00a0\u00a0\u00a0\u00a0\u00a0\u00a0\u00a0\u00a0\u00a0\u00a0\u00a0\u00a0\u00a0\u00a0\u00a0\u00a0\u00a0\u00a0 Konzertreihe des Brandenburgischen Vereins Neue Musik e.V. im KunstHaus Potsdam Das einmal j\u00e4hrlich stattfindende \u201eBrandenburgische&#46;&#46;&#46;<\/p>\n","protected":false},"author":1,"featured_media":0,"parent":0,"menu_order":0,"comment_status":"closed","ping_status":"closed","template":"","meta":{"_custom_body_class":"","_custom_post_class":"","footnotes":""},"class_list":["post-2068","page","type-page","status-publish","hentry"],"translation":{"provider":"WPGlobus","version":"3.0.2","language":"en","enabled_languages":["de","en"],"languages":{"de":{"title":true,"content":true,"excerpt":false},"en":{"title":true,"content":true,"excerpt":false}}},"_links":{"self":[{"href":"https:\/\/www.neue-musik-brandenburg.de\/en\/wp-json\/wp\/v2\/pages\/2068","targetHints":{"allow":["GET"]}}],"collection":[{"href":"https:\/\/www.neue-musik-brandenburg.de\/en\/wp-json\/wp\/v2\/pages"}],"about":[{"href":"https:\/\/www.neue-musik-brandenburg.de\/en\/wp-json\/wp\/v2\/types\/page"}],"author":[{"embeddable":true,"href":"https:\/\/www.neue-musik-brandenburg.de\/en\/wp-json\/wp\/v2\/users\/1"}],"replies":[{"embeddable":true,"href":"https:\/\/www.neue-musik-brandenburg.de\/en\/wp-json\/wp\/v2\/comments?post=2068"}],"version-history":[{"count":246,"href":"https:\/\/www.neue-musik-brandenburg.de\/en\/wp-json\/wp\/v2\/pages\/2068\/revisions"}],"predecessor-version":[{"id":8830,"href":"https:\/\/www.neue-musik-brandenburg.de\/en\/wp-json\/wp\/v2\/pages\/2068\/revisions\/8830"}],"wp:attachment":[{"href":"https:\/\/www.neue-musik-brandenburg.de\/en\/wp-json\/wp\/v2\/media?parent=2068"}],"curies":[{"name":"wp","href":"https:\/\/api.w.org\/{rel}","templated":true}]}}