{"id":5666,"date":"2022-02-27T08:34:03","date_gmt":"2022-02-27T08:34:03","guid":{"rendered":"http:\/\/neue-musik-brandenburg.multisensoriale.de\/?page_id=5666"},"modified":"2022-03-31T12:07:30","modified_gmt":"2022-03-31T12:07:30","slug":"konzerte-2018","status":"publish","type":"page","link":"https:\/\/www.neue-musik-brandenburg.de\/en\/konzerte-2018\/","title":{"rendered":"konzerte 2004"},"content":{"rendered":"\n<a id=\"r-mitglieder\" href=\"javascript:history.back()\">&lt;&lt;<\/a>\n\n\n\n<h2 class=\"has-pale-cyan-blue-color has-text-color wp-block-heading\">Konzerte 2018<\/h2>\n\n\n\n<hr class=\"wp-block-separator is-style-default\"\/>\n\n\n\n<h1 class=\"has-pale-cyan-blue-color has-text-color wp-block-heading\" id=\"intersonanzen-2002\">intersonanzen.<\/h1>\n\n\n\n<h2 class=\"wp-block-heading\">intersonanzen.brandenburgisches fest der neuen musik 2018<\/h2>\n\n\n\n<p>25.Mai \u2013 3. Juni 2018 in Potsdam, dann im Land Brandenburg<\/p>\n\n\n\n<figure class=\"wp-block-image is-resized\"><img fetchpriority=\"high\" decoding=\"async\" src=\"https:\/\/www.neue-musik-brandenburg.de\/wp-content\/uploads\/2021\/11\/INTERSONANZEN_2018_Karte_mit-Rand.jpg\" alt=\"inters graphik mit rand\" width=\"594\" height=\"385\"\/><\/figure>\n\n\n\n<p><a href=\"https:\/\/www.neue-musik-brandenburg.de\/wp-content\/uploads\/2022\/03\/pdf\/__intersonanzen 2018 Programm FINAL7.pdf\" target=\"_blank\" rel=\"noreferrer noopener\">Detail-Programm<\/a><\/p>\n\n\n\n<h1 class=\"wp-block-heading\"><strong>Stimmt!<\/strong><\/h1>\n\n\n\n<p>Gestus und Artikulation &#8211; vom stimmigen musikalischen Ausdruck<\/p>\n\n\n\n<p>&nbsp;\u201eDas gelungene Kunstwerk \u00fcberzeugt, obwohl und indem es fremd ist\u201c.&nbsp; Dieser Satz von Dr. Judith Siegmund* gilt insbesondere f\u00fcr die aktuelle klingende Kunst. Was ist an ihr fremd, was vertraut? Wie verst\u00e4ndlich ist das Fremde, wie anders und interessant das Vertraute? Wie und wodurch gelingt die besondere Mischung beider Komponenten, um ein \u00fcberzeugendes, stimmiges Werk zu erschaffen? Denn bei aller, auch durchaus gewollter Andersartigkeit versteht sich die zeitgen\u00f6ssische Musik heute als integralen Teil der Musikgeschichte. Diese Sichtweise unterscheidet unsere Komponisten-Generation von der vorangegangenen. Ein immer wiederkehrendes Merkmal der abendl\u00e4ndischen Musikgeschichte ist ja der abrupte Bruch mit ihr, sp\u00e4testens seit der Abgrenzung der musica nova von der musica antiqua im 14. Jahrhundert. Die bewusste Abkehr von der Musik der V\u00e4ter war nach dem 2. Weltkrieg gewiss eine verst\u00e4ndliche und durchaus sinnvolle Reaktion und hat eine Vielzahl wichtiger \u00e4sthetischer Fortschritte hervorgebracht. Aber die Aufgabenstellung der Musikschaffenden in einer globalisierten, medial vernetzten Welt ist heute auf jeden Fall eher das differenzierte Zusammenf\u00fchren als die kategorische Abgrenzung.<\/p>\n\n\n\n<p>Melodik, Harmonik und Kontrapunkt, Rhythmik, Instrumentation, Stimmf\u00fchrung und Tempi sind seit jeher die Konstituenten eines musikalischen Werkes. Immer wieder entstanden und entstehen neue Kompositionstechniken und \u2013konzepte, verst\u00e4rkt seit der Mitte des 20. Jahrhundert in der sogenannten Neuen Musik. Zudem ist das Arsenal der m\u00f6glichen Kl\u00e4nge durch die Emanzipation des Ger\u00e4usches, durch eine Vielzahl erweiterter, teils extremer neuer Spieltechniken der Instrumente und durch die Elektronik beeindruckend gewachsen. Aber am Ende geht es fr\u00fcher wie heute immer darum, ein stimmiges musikalisches Ereignis zu kreieren \u2013 und \u00fcberzeugend zu Geh\u00f6r zu bringen.<\/p>\n\n\n\n<p>Deshalb soll ein Haupt-Thema der intersonanzen 2018 der musikalische Vortrag sein, ohne den das beste musikalische Werk nicht \u00fcberzeugend \u201eauf die B\u00fchne\u201c gebracht werden kann. Aber eine stimmige Klangwerdung der musikalischen Idee geschieht eben heutzutage keineswegs nur auf einer B\u00fchne, sondern kann auf verschiedenste Art und Weise stattfinden. Dies thematisch zu verfolgen und musikalisch zu inszenieren, wird 2018 ganz unterschiedliche, besondere musikalische Formate entstehen lassen.<\/p>\n\n\n\n<p>Ein weiterer thematischer Schwerpunkt soll auf der menschlichen Stimme liegen, dem wohl \u00e4ltesten und immer noch ausdrucksst\u00e4rksten musikalischen Instrument. Dieses Instrument ist besonders direkt und spontan und nicht aus Zufall, semantisch genutzt, unser aller prim\u00e4res Kommunikationsmittel. Dies betrifft die informative Kommunikation, vor allem aber auch das Vermitteln und Erkennen menschlicher Emotion. Deshalb ist eine Besch\u00e4ftigung mit dem zeitgen\u00f6ssischen musikalischen Vortrag auch im Bereich der Stimme besonders lohnend, interessant und auch vergn\u00fcglich.<\/p>\n\n\n\n<p>Das Thema \u201eStimmt!\u201c streift 2018 ganz verschiedene Bereiche der Neuen Musik, das Stimmen der Instrumente, ebenso neue Arten musikalischer Stimmung, das gemeinsame Sich-Einstimmen eines Ensembles oder eines Chores, das Einstimmen in einen gemeinsamen Klang, die Stimmung, die ein musikalisches Werk oder eine bestimmte Inszenierung erzeugt, neue Ausdrucksm\u00f6glichkeiten der menschlichen Stimme und eben immer wieder die Frage, ob das Geh\u00f6rte in sich stimmig und \u00fcberzeugend ist \u2013 und wie es dazu kommt.<\/p>\n\n\n\n<p>Die sch\u00f6ne Kooperation mit dem Kunsthaus sans titre wird fortgef\u00fchrt, dabei wird das breit gef\u00e4cherte Spektrum der Pr\u00e4sentationsformate Konzert, Performance, Soundwalk und Ausstellung noch um die Facetten \u201eInstant Composition\u201c, \u201eElektroakustische Musik\u201c und \u201eLecture Performance\u201c erweitert.<\/p>\n\n\n\n<p>Das Festivalprogramm wird weniger dicht auf insgesamt zehn Tage verteilt, um noch mehr Raum f\u00fcr Begegnungen und Austausch zu erm\u00f6glichen. Die begleitende Ausstellung ist t\u00e4glich 15:30-19:30 Uhr ge\u00f6ffnet. Au\u00dferdem spielt das Ganze im Fr\u00fchsommer und das Kunsthaus sans titre wird innen und aussen bespielt.<\/p>\n\n\n\n<p>Auch die Kooperationen mit dem Landesmusikrat und dem Klangforum Brandenburg werden 2018 weitergef\u00fchrt. Die Partnerl\u00e4nder sind Polen und Russland.<\/p>\n\n\n\n<p>Es gab wie immer eine Ausschreibung unter den Sch\u00f6pfer_innen avancierter Musik im Lande, neue Werke zu erfinden. So pr\u00e4sentieren die eingeladenen renommierten Ensembles und Solist_innen auch 2018 in der BVNM-typischen Mischung neue und neueste Musik aus Brandenburg im Kontext internationalen Repertoires.<\/p>\n\n\n\n<p>Die Ausstrahlung der intersonanzen wird ebenfalls erweitert. So werden anschlie\u00dfend an das \u201eKernfestival\u201c in Potsdam wieder bestimmte Konzert an anderen Orten aufgef\u00fchrt. Neben der traditionellen Kooperation mit dem Cottbuser Musikherbst beim Abschlu\u00dfkonzert wird ein ausgew\u00e4hltes Programm noch in Eberswalde und in Schwedt\/Oder aufgef\u00fchrt. Das AdAstra-Trio spielt das intersonanzen-Konzert 2019 noch zweimal in Polen, auch das Konzert mit dem MCME wird 2019 noch einmal in Moskau aufgef\u00fchrt.<\/p>\n\n\n\n<p>Last not least wird die Kultur des Austauschs der letzten intersonanzen 2018 fortgef\u00fchrt und vertieft, indem alle Konzerte von Gespr\u00e4chen verschiedener Formate begleitet werden. Sie sollen, wie die besondere Inszenierung und Pr\u00e4sentation, auch ein interessiertes \u201enormales\u201c Konzert-Publikum einladen, zeitgen\u00f6ssische klingende Kunst ohne aufwendiges Spezialwissen zu verstehen und auch zu genie\u00dfen &#8211; damit aus Neugierigen Interessierte und aus Interessierten Liebhaber_innen der aktuellen klingenden Kunst werden.<\/p>\n\n\n\n<p>*aus \u201eDie Evidenz der Kunst\u201c transcript-Verlag 2007&nbsp;&nbsp;&nbsp;&nbsp;&nbsp;&nbsp;&nbsp;&nbsp;&nbsp;&nbsp;<\/p>\n\n\n\n<p><strong>K\u00fcnstlerische und Gesamtleitung:<\/strong> Thomas Gerwin&nbsp;&nbsp;&nbsp; <a href=\"mailto:info@neue-musik-brandenburg.de\">info@neue-musik-brandenburg.de<\/a> &nbsp;030-39741734<\/p>\n\n\n\n<p><strong>intersonanzen-Team<\/strong>: Irina Emeliantseva, Volker Freidel, Ralf Hoyer, Dr. Gabriel Iranyi, Dr. Bernhard Reichenbach, Sabine Vogel, Hanna Wei\u00dfgerber<\/p>\n\n\n\n<p><strong>Ort:<\/strong> Kunsthaus sans titre, Franz\u00f6sische Str.18, 14467 Potsdam<\/p>\n\n\n\n<p><strong>Veranstalter:<\/strong> Brandenburgischer Verein Neue Musik e.V. Charlottenstr.31, 14467 Potsdam<\/p>\n\n\n\n<p>in Kooperation mit dem Kunsthaus sans titre und dem Cottbuser Musikherbst<\/p>\n\n\n\n<p><strong>Schirmherrin:<\/strong> Frau Ministerin Dr. Martina M\u00fcnch, Ministerium f\u00fcr Wissenschaft, Forschung und Kultur des Landes Brandenburg<\/p>\n\n\n\n<p><strong>Medienpartner:<\/strong> Kulturradio vom RBB&nbsp; <img decoding=\"async\" src=\"https:\/\/www.neue-musik-brandenburg.de\/wp-content\/uploads\/2021\/11\/Logo-RBB-klein.jpg\" alt=\"\" width=\"162\" height=\"40\"> und Potsdamer Neueste Nachrichten <img decoding=\"async\" src=\"https:\/\/www.neue-musik-brandenburg.de\/wp-content\/uploads\/2022\/03\/PNN_Zeitung_72dpi.png\" alt=\"\" width=\"125\" height=\"40\"><\/p>\n\n\n\n<p>&gt;intersonanzen&lt; 2018 wird gef\u00f6rdert durch das MWFK Land Brandenburg\/Referat Kultur, die Landeshauptstadt Potsdam\/Fachbereich Kultur und Museum sowie die St\u00e4dte Cottbus, Eberswalde, Schwedt\/Oder u.a. Projektkooperation mit dem Landesmusikrat und dem Klangforum Brandenburg.<\/p>\n\n\n\n<hr class=\"wp-block-separator is-style-default\"\/>\n\n\n\n<h2 class=\"wp-block-heading\">Cottbuser Musikherbst.Abschlusskonzert<\/h2>\n\n\n\n<p>Der <strong>45. \u201eCottbuser Musikherbst\u201c 2018 <\/strong>widmet sich der F\u00f6rderung des Lausitzer und brandenburgischen Musikschaffens unter besonderer Einbeziehung der zeitgen\u00f6ssischen sorbischen Musikkultur. Das <strong>Er\u00f6ffnungskonzert am <\/strong><strong>01.10.2018<\/strong> mit dem Landesjugendblasorchester im Konservatorium Cottbus und das <strong>Abschlusskonzert am 20.11.2018 <\/strong>durch das \u201eCollegium musicum\u201c der BTU Cottbus-Senftenberg bilden den zeitlichen Rahmen f\u00fcr weitere Veranstaltungen in Cottbus und Umgebung.<\/p>\n\n\n\n<p>Festival-Leitung: Prof. Dr.-Ing. Martin Neumann &nbsp;<em><a href=\"mailto:intendanz.musikherbst.cottbus@web.de\">intendanz.musikherbst.cottbus@web.de<\/a><\/em><\/p>\n\n\n\n<p><em><a href=\"http:\/\/www.musikherbst-cottbus.de\">www.musikherbst-cottbus.de<\/a><\/em><\/p>\n","protected":false},"excerpt":{"rendered":"<p>&lt;&lt; Konzerte 2018 intersonanzen. intersonanzen.brandenburgisches fest der neuen musik 2018 25.Mai \u2013 3. Juni 2018 in Potsdam, dann im Land Brandenburg Detail-Programm Stimmt! Gestus und Artikulation &#8211; vom stimmigen musikalischen Ausdruck &nbsp;\u201eDas gelungene Kunstwerk&#46;&#46;&#46;<\/p>\n","protected":false},"author":1,"featured_media":0,"parent":0,"menu_order":0,"comment_status":"closed","ping_status":"closed","template":"","meta":{"_custom_body_class":"","_custom_post_class":"","footnotes":""},"class_list":["post-5666","page","type-page","status-publish","hentry"],"translation":{"provider":"WPGlobus","version":"3.0.2","language":"en","enabled_languages":["de","en"],"languages":{"de":{"title":true,"content":true,"excerpt":false},"en":{"title":true,"content":false,"excerpt":false}}},"_links":{"self":[{"href":"https:\/\/www.neue-musik-brandenburg.de\/en\/wp-json\/wp\/v2\/pages\/5666","targetHints":{"allow":["GET"]}}],"collection":[{"href":"https:\/\/www.neue-musik-brandenburg.de\/en\/wp-json\/wp\/v2\/pages"}],"about":[{"href":"https:\/\/www.neue-musik-brandenburg.de\/en\/wp-json\/wp\/v2\/types\/page"}],"author":[{"embeddable":true,"href":"https:\/\/www.neue-musik-brandenburg.de\/en\/wp-json\/wp\/v2\/users\/1"}],"replies":[{"embeddable":true,"href":"https:\/\/www.neue-musik-brandenburg.de\/en\/wp-json\/wp\/v2\/comments?post=5666"}],"version-history":[{"count":10,"href":"https:\/\/www.neue-musik-brandenburg.de\/en\/wp-json\/wp\/v2\/pages\/5666\/revisions"}],"predecessor-version":[{"id":6504,"href":"https:\/\/www.neue-musik-brandenburg.de\/en\/wp-json\/wp\/v2\/pages\/5666\/revisions\/6504"}],"wp:attachment":[{"href":"https:\/\/www.neue-musik-brandenburg.de\/en\/wp-json\/wp\/v2\/media?parent=5666"}],"curies":[{"name":"wp","href":"https:\/\/api.w.org\/{rel}","templated":true}]}}