{"id":5708,"date":"2022-02-27T09:15:45","date_gmt":"2022-02-27T09:15:45","guid":{"rendered":"http:\/\/neue-musik-brandenburg.multisensoriale.de\/?page_id=5708"},"modified":"2022-03-31T12:48:22","modified_gmt":"2022-03-31T12:48:22","slug":"konzerte-2002","status":"publish","type":"page","link":"https:\/\/www.neue-musik-brandenburg.de\/en\/konzerte-2002\/","title":{"rendered":"Concerts 2002"},"content":{"rendered":"\n<a id=\"r-mitglieder\" href=\"javascript:history.back()\">&lt;&lt;<\/a>\n\n\n\n<h1 class=\"has-pale-cyan-blue-color has-text-color wp-block-heading\" id=\"intersonanzen-2002\">Konzerte 2002<\/h1>\n\n\n\n<hr class=\"wp-block-separator is-style-default\"\/>\n\n\n\n<h2 class=\"has-pale-cyan-blue-color has-text-color wp-block-heading\">intersonanzen.<\/h2>\n\n\n\n<p><strong>3. brandenburgisches fest der neuen musik<\/strong><\/p>\n\n\n\n<p><strong>15.-17. November 2002<br><\/strong><\/p>\n\n\n\n<p><strong><a href=\"https:\/\/www.neue-musik-brandenburg.de\/wp-content\/uploads\/2022\/03\/pdf\/inter02.pdf\" target=\"_blank\" rel=\"noreferrer noopener\">Programm als PDF<span class=\"hu-external\"><\/span><\/a><\/strong><\/p>\n\n\n\n<hr class=\"wp-block-separator\"\/>\n\n\n\n<h2 class=\"wp-block-heading\">NEUE MUSIK F\u00dcR STREICHQUARTETT<\/h2>\n\n\n\n<p>im nationalen Stil<\/p>\n\n\n\n<p><strong>10. Juni 2002<\/strong><br>Kammerkonzert f\u00fcr Streichquartett und Altsaxophon<\/p>\n\n\n\n<p><br><strong>13. November 2002<\/strong><br>Klubraum Wendisches Haus Cottbus, August-Bebel-Stra\u00dfe 82<\/p>\n\n\n\n<p><strong>16. November 02<\/strong><br>Kapelle Fichtenau Sch\u00f6neiche, L\u00fcbecker Stra\u00dfe 82<\/p>\n\n\n\n<p>Altes Rathaus Potsdam, Am Alten Markt 9<\/p>\n\n\n\n<p>Es musiziert das <strong>Neue Cottbuser Streichquartett<\/strong> + <strong>Peter Voigt<\/strong> [Saxophon]<\/p>\n\n\n\n<p>Moderation: &nbsp; &nbsp;&nbsp;&nbsp;&nbsp; Dr. Bernhard Reichenbach<\/p>\n\n\n\n<p>vidmantas bartulis (*1954)<br><strong>psalmen<\/strong><br>f\u00fcr streichquartett 1999<br><br>wolfgang schumann (*1927)<br><strong>romanze<\/strong><br>f\u00fcr altsaxophon und streichquartett 2000<br><br>gisbert n\u00e4ther (*1948)<br><strong>gezeiten<\/strong><br>quintett f\u00fcr saxophon und streichquartett op.82 1998<br><br><br>nomeda valanciute (*1961)<br><strong>fragment from hospital park<\/strong><br>f\u00fcr singende instrumentalisten,<br>text by Henrikas Radauskas 1998<br><br><br>ulrich pogoda (*1954)<br><strong>fantasia con colore<\/strong><br>f\u00fcr altsaxophon und streichquartett 1991<\/p>\n\n\n\n<p>Das Konzert wird gef\u00f6rdert durch das Ministerium f\u00fcr Wissenschaft, Forschung und Kultur des Landes Brandenburg.<\/p>\n\n\n\n<hr class=\"wp-block-separator is-style-default\"\/>\n\n\n\n<h2 class=\"wp-block-heading\">NEUE MUSIK F\u00dcR KAMMERENSEMBLE<\/h2>\n\n\n\n<p>Kammerkonzert mit dem <a href=\"http:\/\/www.neue-musik-brandenburg.de\/html\/ens_jm.htm\" target=\"_blank\" rel=\"noreferrer noopener\">Ensemble JungeMusik<\/a><\/p>\n\n\n\n<p><strong>15. November 2002<\/strong><br>im Alten Rathaus Potsdam<\/p>\n\n\n\n<p><strong>17. November 2002<\/strong><br>in der Konzerthalle Frankfurt\/O.<\/p>\n","protected":false},"excerpt":{"rendered":"<p>&lt;&lt; Konzerte 2002 intersonanzen. 3. brandenburgisches fest der neuen musik 15.-17. November 2002 Programm als PDF NEUE MUSIK F\u00dcR STREICHQUARTETT im nationalen Stil 10. Juni 2002Kammerkonzert f\u00fcr Streichquartett und Altsaxophon 13. November 2002Klubraum Wendisches&#46;&#46;&#46;<\/p>\n","protected":false},"author":1,"featured_media":0,"parent":0,"menu_order":0,"comment_status":"closed","ping_status":"closed","template":"","meta":{"_custom_body_class":"","_custom_post_class":"","footnotes":""},"class_list":["post-5708","page","type-page","status-publish","hentry"],"translation":{"provider":"WPGlobus","version":"3.0.2","language":"en","enabled_languages":["de","en"],"languages":{"de":{"title":true,"content":true,"excerpt":false},"en":{"title":true,"content":false,"excerpt":false}}},"_links":{"self":[{"href":"https:\/\/www.neue-musik-brandenburg.de\/en\/wp-json\/wp\/v2\/pages\/5708","targetHints":{"allow":["GET"]}}],"collection":[{"href":"https:\/\/www.neue-musik-brandenburg.de\/en\/wp-json\/wp\/v2\/pages"}],"about":[{"href":"https:\/\/www.neue-musik-brandenburg.de\/en\/wp-json\/wp\/v2\/types\/page"}],"author":[{"embeddable":true,"href":"https:\/\/www.neue-musik-brandenburg.de\/en\/wp-json\/wp\/v2\/users\/1"}],"replies":[{"embeddable":true,"href":"https:\/\/www.neue-musik-brandenburg.de\/en\/wp-json\/wp\/v2\/comments?post=5708"}],"version-history":[{"count":8,"href":"https:\/\/www.neue-musik-brandenburg.de\/en\/wp-json\/wp\/v2\/pages\/5708\/revisions"}],"predecessor-version":[{"id":6527,"href":"https:\/\/www.neue-musik-brandenburg.de\/en\/wp-json\/wp\/v2\/pages\/5708\/revisions\/6527"}],"wp:attachment":[{"href":"https:\/\/www.neue-musik-brandenburg.de\/en\/wp-json\/wp\/v2\/media?parent=5708"}],"curies":[{"name":"wp","href":"https:\/\/api.w.org\/{rel}","templated":true}]}}