{"id":5724,"date":"2022-02-27T09:22:31","date_gmt":"2022-02-27T09:22:31","guid":{"rendered":"http:\/\/neue-musik-brandenburg.multisensoriale.de\/?page_id=5724"},"modified":"2022-03-31T12:25:19","modified_gmt":"2022-03-31T12:25:19","slug":"konzerte-2012","status":"publish","type":"page","link":"https:\/\/www.neue-musik-brandenburg.de\/en\/konzerte-2012\/","title":{"rendered":"Concerts 2012"},"content":{"rendered":"\n<a id=\"r-mitglieder\" href=\"javascript:history.back()\">&lt;&lt;<\/a>\n\n\n\n<h1 class=\"has-pale-cyan-blue-color has-text-color wp-block-heading\" id=\"intersonanzen-2002\">Konzerte 2012<\/h1>\n\n\n\n<hr class=\"wp-block-separator is-style-default\"\/>\n\n\n\n<h2 class=\"has-pale-cyan-blue-color has-text-color wp-block-heading\">intersonanzen.<\/h2>\n\n\n\n<p><strong>brandenburgisches fest der neuen musik 2012<\/strong><\/p>\n\n\n\n<p><br>31. Mai &#8211; 03. Juni 2012 in Potsdam<\/p>\n\n\n\n<p><a href=\"https:\/\/www.neue-musik-brandenburg.de\/wp-content\/uploads\/2022\/03\/pdf\/is12_kurz.pdf\" target=\"_blank\" rel=\"noreferrer noopener\">Programm 2012<span class=\"hu-external\"><\/span><\/a><\/p>\n\n\n\n<hr class=\"wp-block-separator is-style-default\"\/>\n\n\n\n<h2 class=\"wp-block-heading\">39. Cottbuser Musikherbst<\/h2>\n\n\n\n<p>Abschlu\u00dfkonzert<br>15. November 2012 in Cottbus<\/p>\n\n\n\n<p>Der Brandenburgische Verein Neue Musik e.V. veranstaltet in Zusammenarbeit<br>mit dem Verein &#8220;Cottbuser Musikherbst e.V.&#8221; ein Sinfoniekonzert zum Abschluss<br>der Konzertreihe &#8220;39. Cottbuser Musikherbstes&#8221; 2012.<br><br>Zur Auff\u00fchrung gelangen Werke zeitgen\u00f6ssischer brandenburgischer und sor-<br>bischer Komponisten. Ein konzertantes Werk und damit die Urauff\u00fchrung eines<br>St\u00fcckes, wird in Anleitung und Zusammenarbeit mit der FHS Lausitz, Fachbereich<br>Musikp\u00e4dagogik, entstehen.<\/p>\n\n\n\n<p>Mit der Auff\u00fchrung von Werken zeitgen\u00f6ssischer brandenburgischer und sor-<br>bischer Komponisten kommt der BVNM e.V. seinen satzungsgem\u00e4\u00dfen Aufgaben<br>nach, neue Musik, vornehmlich von Komponisten aus Brandenburg, zu<br>popularisieren sowie das Schaffen der Komponisten zu f\u00f6rdern.<br><br>Mit der Realisierung des Abschlusskonzertes des &#8220;Cottbuser Musikherbstes&#8221;<br>m\u00f6chten wir die Notwendigkeit unterstreichen, spezielle Unterst\u00fctzung f\u00fcr<br>neueste Entwicklungen der zeitgen\u00f6ssischen sorbischen Musikkultur zu geben.<br><br>Hinsichtlich der Interpreten strebt der Verein dabei die F\u00f6rderung von Sch\u00fclern<br>und Studenten an und realisiert damit das Anliegen, eine enge Zusammenarbeit<br>mit Cottbuser Musikschulen und der Hochschule Lausitz, Fachbereich Musik-<br>p\u00e4dagogik zu pflegen. Das Projekt setzt damit unmittelbar die satzungsgem\u00e4\u00dfen<br>Ziele des Vereins um und tr\u00e4gt zur landesweiten Begegnung mit Neuer Musik bei.<\/p>\n\n\n\n<hr class=\"wp-block-separator is-style-default\"\/>\n\n\n\n<p>Es spielt das Collegium musicum<br>Akademisches Orchester der Fachhochschule Lausitz,<br>Dirigent: Prof. Dr. T. Istv\u00e1nffy<\/p>\n","protected":false},"excerpt":{"rendered":"<p>&lt;&lt; Konzerte 2012 intersonanzen. brandenburgisches fest der neuen musik 2012 31. Mai &#8211; 03. Juni 2012 in Potsdam Programm 2012 39. Cottbuser Musikherbst Abschlu\u00dfkonzert15. November 2012 in Cottbus Der Brandenburgische Verein Neue Musik e.V.&#46;&#46;&#46;<\/p>\n","protected":false},"author":1,"featured_media":0,"parent":0,"menu_order":0,"comment_status":"closed","ping_status":"closed","template":"","meta":{"_custom_body_class":"","_custom_post_class":"","footnotes":""},"class_list":["post-5724","page","type-page","status-publish","hentry"],"translation":{"provider":"WPGlobus","version":"3.0.2","language":"en","enabled_languages":["de","en"],"languages":{"de":{"title":true,"content":true,"excerpt":false},"en":{"title":true,"content":false,"excerpt":false}}},"_links":{"self":[{"href":"https:\/\/www.neue-musik-brandenburg.de\/en\/wp-json\/wp\/v2\/pages\/5724","targetHints":{"allow":["GET"]}}],"collection":[{"href":"https:\/\/www.neue-musik-brandenburg.de\/en\/wp-json\/wp\/v2\/pages"}],"about":[{"href":"https:\/\/www.neue-musik-brandenburg.de\/en\/wp-json\/wp\/v2\/types\/page"}],"author":[{"embeddable":true,"href":"https:\/\/www.neue-musik-brandenburg.de\/en\/wp-json\/wp\/v2\/users\/1"}],"replies":[{"embeddable":true,"href":"https:\/\/www.neue-musik-brandenburg.de\/en\/wp-json\/wp\/v2\/comments?post=5724"}],"version-history":[{"count":6,"href":"https:\/\/www.neue-musik-brandenburg.de\/en\/wp-json\/wp\/v2\/pages\/5724\/revisions"}],"predecessor-version":[{"id":6511,"href":"https:\/\/www.neue-musik-brandenburg.de\/en\/wp-json\/wp\/v2\/pages\/5724\/revisions\/6511"}],"wp:attachment":[{"href":"https:\/\/www.neue-musik-brandenburg.de\/en\/wp-json\/wp\/v2\/media?parent=5724"}],"curies":[{"name":"wp","href":"https:\/\/api.w.org\/{rel}","templated":true}]}}