{"id":5726,"date":"2022-02-27T09:23:01","date_gmt":"2022-02-27T09:23:01","guid":{"rendered":"http:\/\/neue-musik-brandenburg.multisensoriale.de\/?page_id=5726"},"modified":"2022-03-31T12:23:51","modified_gmt":"2022-03-31T12:23:51","slug":"konzerte-2013","status":"publish","type":"page","link":"https:\/\/www.neue-musik-brandenburg.de\/en\/konzerte-2013\/","title":{"rendered":"Concerts 2013"},"content":{"rendered":"\n<a id=\"r-mitglieder\" href=\"javascript:history.back()\">&lt;&lt;<\/a>\n\n\n\n<h1 class=\"has-pale-cyan-blue-color has-text-color wp-block-heading\" id=\"intersonanzen-2002\">Konzerte 2013<\/h1>\n\n\n\n<hr class=\"wp-block-separator is-style-default\"\/>\n\n\n\n<h2 class=\"has-pale-cyan-blue-color has-text-color wp-block-heading\">intersonanzen.<\/h2>\n\n\n\n<p><strong>brandenburgisches fest der neuen musik 2013<\/strong><\/p>\n\n\n\n<p><br><strong>13. &#8211; 15. September + 12. Oktober 2013 <\/strong>in Potsdam<\/p>\n\n\n\n<hr class=\"wp-block-separator is-style-default\"\/>\n\n\n\n<p>Als renommiertes Podium f\u00fcr die zeitgen\u00f6ssische avancierte und experimentelle<br>Kunstmusik in der Landeshauptstadt Potsdam und fester Bestandteil der aktuellen<br>Brandenburgischen Kulturszenen wird sich das Festival intersonanzen im Jahr 2013<br>auf besondere Weise f\u00fcr das Zusammenspiel mit anderen Kunstrichtungen \u00f6ffnen.<br><br>Das Erlebnisquartier Schiffbauergasse als neuer Veranstaltungsort des Festivals<br>und die kooperative Zusammen-arbeit mit der fabrik Potsdam bieten hervorragende<br>Voraussetzungen, h\u00f6here Publikumsbreite zu erreichen.<\/p>\n\n\n\n<figure class=\"wp-block-table\"><table><tbody><tr><td>&nbsp;<\/td><td><strong>intersonanzen 2013 &#8211; synchronie musik plus<\/strong><\/td><\/tr><\/tbody><\/table><\/figure>\n\n\n\n<p>Wie in den vergangenen Jahren bilden Internationalit\u00e4t, Aktualit\u00e4t und die Einbe-<br>ziehung sparten\u00fcbergreifender kreativer Arbeit mit Kindern und Jugendlichen die<br>Grundpfeiler der inhaltlichen Ausrichtung. Es werden verschiedene ausgew\u00e4hlte<br>Richtungen bester Neuer Musik des Landes Brandenburg mit anderen Bereichen<br>k\u00fcnstlerischen Schaffens wie Tanz und Videokunst synchronisiert.<br><br>Die interdisziplin\u00e4ren Projekte werden in enger Zusammenarbeit mit der \u2018fabrik Potsdam\u2018 entstehen.<br>Mit dem Internationalen Zentrum f\u00fcr Tanz und Bewegungskunst ist im Ergebnis<br>unserer Vernetzungsbem\u00fchungen mit anderen Kulturtr\u00e4gern der Landeshauptstadt<br>ein konzeptionell und organisatorisch kompetenter Partner gefunden worden.<\/p>\n\n\n\n<p>Im kommenden Jahr wird wieder einer der wichtigsten Klangk\u00f6rper f\u00fcr Neue Musik<br>des Brandenburger Raums, das Ensemble Junge Musik BB, zu Gast sein.<br>Eine weitere au\u00dfergew\u00f6hnliche Formation ist das e-werk ensemble Berlin mit vier<br>E-Gitarristen, die sich auf Kompositionen der klassischen und experimentellen Musik<br>spezialisiert haben. Diesem Konzert wird ein Medienk\u00fcnstler vom ZKM-Karlsruhe an<br>die Seite gestellt, der mit verschiedenen Kameras live aufgenommene Videobilder<br>der Musiker in Echtzeit bearbeitet, verfremdet und in neue Zusammenh\u00e4nge ge-<br>setzt in den Raum projiziert. Das Konzert des Ensemble LUX:nm zeichnet sich<br>dadurch aus, dass Kompositionen in szenisch arrangierten Interpretationen dar-<br>geboten werden.<\/p>\n\n\n\n<p>Dar\u00fcber hinaus wird es im Rahmen des Festivals 2013 zwei Projekte mit Jugend-<br>lichen aus Brandenburg sowie ein Gastspiel des renommierten Kammerensembles<br>Meitar aus Israel geben.<\/p>\n\n\n\n<p>In besonderer Form bringt sich das Schiffsprojekt \u2018von wasser zu land\u2018 im Kultur-<br>standort Schiffbauergasse ein. Auf und am Tiefen See kommuniziert ein Bl\u00e4ser-<br>ensemble auf einem heranfahrenden Boot mit einer zweiten Bl\u00e4sergruppe an Land.<br>Das interessierte und \u2018zuf\u00e4llige Publikum\u2018 kann dieses Event auf der Uferpromenade<br>von der fabrik bis zum Hans Otto Theater verfolgen.<\/p>\n\n\n\n<p>Den gro\u00dfen Abschluss der intersonanzen bildet ein Konzert der Jungen Philharmonie<br>Brandenburg.<\/p>\n\n\n\n<p><strong>Gastland | Israel<\/strong><\/p>\n\n\n\n<p><strong><a href=\"https:\/\/www.neue-musik-brandenburg.de\/wp-content\/uploads\/2022\/03\/pdf\/intersonanzen2013_Progr.pdf\" target=\"_blank\" rel=\"noreferrer noopener\">Programm 2013<span class=\"hu-external\"><\/span><\/a><\/strong><\/p>\n\n\n\n<hr class=\"wp-block-separator is-style-default\"\/>\n\n\n\n<h2 class=\"wp-block-heading\">40. Cottbuser Musikherbst<\/h2>\n\n\n\n<p>Abschlu\u00dfkonzert<br><strong>18. November 2013<\/strong> in Cottbus<\/p>\n\n\n\n<p>Der BVNM e.V. veranstaltet gemeinsam mit dem Verein Cottbuser Musikherbst<br>das Sinfoniekonzert zum Abschluss des &#8220;40. Cottbuser Musikherbstes&#8221;.<\/p>\n\n\n\n<p>Zur Auff\u00fchrung gelangen nat\u00fcrlich wieder Werke zeitgen\u00f6ssischer branden-burgischer und sorbischer Komponisten.<br>Ein konzertantes Werk und damit die Urauff\u00fchrung eines St\u00fcckes, wird in An-leitung und Zusammenarbeit mit der FHS Lausitz, Fachbereich Musikp\u00e4dagogik, entstehen.<\/p>\n\n\n\n<p>Mit der Auff\u00fchrung von Werken zeitgen\u00f6ssischer brandenburgischer und<br>sorbischer Komponisten kommt der BVNM e.V. seinen satzungsgem\u00e4\u00dfen<br>Aufgaben nach, neue Musik, vornehmlich von Komponisten aus Brandenburg,<br>zu popularisieren sowie das Schaffen der Komponisten zu f\u00f6rdern.<br>Mit der Realisierung des Abschlusskonzertes des &#8220;Cottbuser Musikherbstes &#8220;<br>m\u00f6chten wir die Notwendigkeit unterstreichen, spezielle Unterst\u00fctzung f\u00fcr<br>neueste Entwicklungen der zeitgen\u00f6ssischen sorbischen Musikkultur zu geben.<\/p>\n\n\n\n<p>Hinsichtlich der Interpreten strebt der Verein dabei die F\u00f6rderung von Sch\u00fclern<br>und Studenten an und realisiert damit das Anliegen, eine enge Zusammenarbeit<br>mit Cottbuser Musikschulen und der Hochschule Lausitz speziell dem Fachbereich<br>Musikp\u00e4dagogik zu pflegen.<br><br>Das Projekt tr\u00e4gt zur landesweiten Begegnung mit Neuer Musik bei.<\/p>\n\n\n\n<p>Es spielt das Collegium musicum<br>Akademisches Orchester der Fachhochschule Lausitz,<br>Dirigent: Prof. Dr. T. Istv\u00e1nffy<\/p>\n","protected":false},"excerpt":{"rendered":"<p>&lt;&lt; Konzerte 2013 intersonanzen. brandenburgisches fest der neuen musik 2013 13. &#8211; 15. September + 12. Oktober 2013 in Potsdam Als renommiertes Podium f\u00fcr die zeitgen\u00f6ssische avancierte und experimentelleKunstmusik in der Landeshauptstadt Potsdam und&#46;&#46;&#46;<\/p>\n","protected":false},"author":1,"featured_media":0,"parent":0,"menu_order":0,"comment_status":"closed","ping_status":"closed","template":"","meta":{"_custom_body_class":"","_custom_post_class":"","footnotes":""},"class_list":["post-5726","page","type-page","status-publish","hentry"],"translation":{"provider":"WPGlobus","version":"3.0.2","language":"en","enabled_languages":["de","en"],"languages":{"de":{"title":true,"content":true,"excerpt":false},"en":{"title":true,"content":false,"excerpt":false}}},"_links":{"self":[{"href":"https:\/\/www.neue-musik-brandenburg.de\/en\/wp-json\/wp\/v2\/pages\/5726","targetHints":{"allow":["GET"]}}],"collection":[{"href":"https:\/\/www.neue-musik-brandenburg.de\/en\/wp-json\/wp\/v2\/pages"}],"about":[{"href":"https:\/\/www.neue-musik-brandenburg.de\/en\/wp-json\/wp\/v2\/types\/page"}],"author":[{"embeddable":true,"href":"https:\/\/www.neue-musik-brandenburg.de\/en\/wp-json\/wp\/v2\/users\/1"}],"replies":[{"embeddable":true,"href":"https:\/\/www.neue-musik-brandenburg.de\/en\/wp-json\/wp\/v2\/comments?post=5726"}],"version-history":[{"count":7,"href":"https:\/\/www.neue-musik-brandenburg.de\/en\/wp-json\/wp\/v2\/pages\/5726\/revisions"}],"predecessor-version":[{"id":6510,"href":"https:\/\/www.neue-musik-brandenburg.de\/en\/wp-json\/wp\/v2\/pages\/5726\/revisions\/6510"}],"wp:attachment":[{"href":"https:\/\/www.neue-musik-brandenburg.de\/en\/wp-json\/wp\/v2\/media?parent=5726"}],"curies":[{"name":"wp","href":"https:\/\/api.w.org\/{rel}","templated":true}]}}