{"id":5728,"date":"2022-02-27T09:23:31","date_gmt":"2022-02-27T09:23:31","guid":{"rendered":"http:\/\/neue-musik-brandenburg.multisensoriale.de\/?page_id=5728"},"modified":"2022-03-31T12:22:31","modified_gmt":"2022-03-31T12:22:31","slug":"konzerte-2014","status":"publish","type":"page","link":"https:\/\/www.neue-musik-brandenburg.de\/en\/konzerte-2014\/","title":{"rendered":"Concerts 2014"},"content":{"rendered":"\n<a id=\"r-mitglieder\" href=\"javascript:history.back()\">&lt;&lt;<\/a>\n\n\n\n<h1 class=\"has-pale-cyan-blue-color has-text-color wp-block-heading\" id=\"intersonanzen-2002\">Konzerte 2014<\/h1>\n\n\n\n<hr class=\"wp-block-separator is-style-default\"\/>\n\n\n\n<h2 class=\"has-pale-cyan-blue-color has-text-color wp-block-heading\">intersonanzen.<\/h2>\n\n\n\n<p><strong>brandenburgisches fest der neuen musik 2014<\/strong><\/p>\n\n\n\n<p><br><strong>09. &#8211; 17. mai <\/strong>in Potsdam:<br>Stadt- und Landesbibliothek, Kunsthaus sans titre, Humboldtbr\u00fccke,<br>Nikolaisaal Potsdam, Treffpunkt Freizeit, Potsdam Museum &#8211; Forum f\u00fcr Kunst und Geschichte<\/p>\n\n\n\n<p><strong>04. &#8211; 24. mai<\/strong> im Land Brandenburg:<br>Schloss Wiepersdorf, Theater Brandenburg, Paul-Wunderlich-Haus Eberswalde<\/p>\n\n\n\n<hr class=\"wp-block-separator is-style-default\"\/>\n\n\n\n<p>In Fortsetzung der Tradition des Festivals, sich anderen K\u00fcnsten und unterschied-lichen Auff\u00fchrungsorten zu \u00f6ffnen, wollen auch die intersonanzen 2014 das kulturelle Leben in Potsdam und im Land Brandenburg als ein experimentelles, qualitativ hochwertiges Kunstereignis bereichern und \u00fcber die Stammh\u00f6rerschaft hinaus neue, gr\u00f6\u00dfere Publikumskreise interessieren.<\/p>\n\n\n\n<p>Wie auch in den vergangenen Jahren, bekommen die im Land Brandenburg lebenden und arbeitenden Komponisten mit den intersonanzen ein Podium, ihre neuen und neuesten Werke aufzuf\u00fchren und den Werken ihrer renommierten Kollegen aus dem In- und Ausland gegen\u00fcberzustellen. Zahlreiche Werke werden wieder eigens f\u00fcr dieses Festival entstehen. So ergibt sich eine regelm\u00e4\u00dfige Sicht auf das aktuelle musikalische Schaffen im Land Brandenburg.<\/p>\n\n\n\n<p>Die Arbeit mit Kindern und Jugendlichen ist seit vielen Jahren ein fester Bestand-teil der intersonanzen, so auch in 2014. Es ist vorgesehen, mit Sch\u00fclern, die ein Instrument spielen, unter Anleitung eines erfahrenen Komponisten eine Live-Improvisation zu einem Film zu entwickeln. Entsprechende Workshops finden in Potsdam und Eberswalde statt. Die Produktionen werden in beiden St\u00e4dten gemeinsam \u00f6ffentlich pr\u00e4sentiert. Damit wird die k\u00fcnstlerische Interaktion der Jugendlichen gef\u00f6rdert und ein breiteres Publikum angesprochen.<\/p>\n\n\n\n<p>Die Vernetzungen und Kooperationen von Kultureinrichtungen und -akteuren<br>sind notwendig und w\u00fcnschenswert. Die intersonanzen versuchen, den begonnenen Weg fortzusetzen und im kommenden Jahr durch zahlreiche Kooperationen verst\u00e4rkt Synergieeffekte zu nutzen.<br>Durch Kooperationen mit dem K\u00fcnstlerhaus Schloss Wiepersdorf, der Stadt- und Landesbibliothek im Bildungsforum Potsdam, dem Kunsthaus sans titre, dem Nikolaisaal Potsdam, den Brandenburger Symphonikern, dem Treffpunkt Freizeit sowie der Stadt und der Musikschule Eberswalde wird eine breitere \u00d6ffentlichkeit gewonnen und die Durchl\u00e4ssigkeit der Genregrenzen erh\u00f6ht. Besonders hervorzuheben ist in diesem Zusammenhang auch die erstmalige Zusammenarbeit mit dem Landespolizeiorchester Brandenburg.<\/p>\n\n\n\n<p>Hatten wir in den vergangenen Jahren auch immer wieder ausl\u00e4ndische Ensembles zu Gast (zuletzt das Ensemble Meitar aus Israel), so wollen wir 2014 in zwei Konzerten Neue Musik aus Rum\u00e4nien vorstellen. So werden der international erfolgreiche Pianist Moritz Ernst ebenso wie das Spitzenensemble f\u00fcr Neue Musik PROFIL aus Bukarest jeweils eine H\u00e4lfte ihrer Programme neuen rum\u00e4nischen Werken widmen, w\u00e4hrend in der anderen H\u00e4lfte Werke unserer Mitglieder erklingen.<\/p>\n\n\n\n<p>Des Weiteren wirken mit: Das Ensemble Junge Musik BB, das Landespolizeiorchester Brandenburg, das Improvisations-Kammerensemble ad hoc, der Percussionist Martin Krause, zwei Literatur-Stipendiaten Schloss Wiepersdorf, Jugendliche aus Kleinmachnow und Eberswalde sowie die Soundwalk-Spezialisten Michael Schenk und Udo Koloska u.a.<\/p>\n\n\n\n<p><a href=\"https:\/\/www.neue-musik-brandenburg.de\/wp-content\/uploads\/2022\/03\/pdf\/flyer_intersonanzen2014.pdf\" target=\"_blank\" rel=\"noreferrer noopener\">Flyer<span class=\"hu-external\"><\/span><\/a><\/p>\n\n\n\n<p><a href=\"https:\/\/www.neue-musik-brandenburg.de\/wp-content\/uploads\/2022\/03\/pdf\/intersonanzen14_programm.pdf\" target=\"_blank\" rel=\"noreferrer noopener\">Programm 2014<span class=\"hu-external\"><\/span><\/a><\/p>\n\n\n\n<hr class=\"wp-block-separator is-style-default\"\/>\n\n\n\n<h2 class=\"wp-block-heading\">41. Cottbuser Musikherbst<\/h2>\n\n\n\n<p>Abschlu\u00dfkonzert<br>17. November 2014 in Cottbus<\/p>\n\n\n\n<hr class=\"wp-block-separator is-style-default\"\/>\n\n\n\n<p>Der BVNM e.V. gestaltet gemeinsam mit dem Verein &#8220;Cottbuser Musikherbst e.V.&#8221; das Abschlusskonzert des 41. &#8220;Cottbuser Musikherbstes&#8221; 2014.<br><br>Die F\u00f6rderung des Lausitzer Musikschaffens steht im Mittelpunkt dieses Projektes. Daher soll im Abschlusskonzert des nunmehr 41. &#8220;Cottbuser Musikherbstes&#8221; das Werk eines Cottbuser bzw. Lausitzer Komponisten zur Urauff\u00fchrung kommen.<br><br>Daneben will sich der &#8220;Cottbuser Musikherbst&#8221; auch wieder Komponisten aus<br>dem gesamten Land Brandenburg \u00f6ffnen und Werke nach Ausschreibung von weiteren Mitgliedern des BVNM e.V. zur Auff\u00fchrung bringen.<br><br>Das Ziel, junge Musiker mit der Interpretation zeitgen\u00f6ssischer Musik vertraut<br>zu machen, soll umgesetzt werden, indem die Mitglieder des Akademischen Orchesters der Brandenburgischen Technischen Universit\u00e4t Cottbus-Senftenberg&#8221;Collegium musicum&#8221; als Interpreten gewonnen werden.<br><br>Damit setzt dieses Projekt unmittelbar die satzungsgem\u00e4\u00dfen Ziele des Vereins um und tr\u00e4gt zur landesweiten Begegnung mit Neuer Musik bei.<br><br>Bernhard Reichenbach<\/p>\n\n\n\n<hr class=\"wp-block-separator is-style-default\"\/>\n\n\n\n<p>Es spielt das Collegium musicum<br>Akademisches Orchester der Fachhochschule Lausitz,<br>Dirigent: Prof. Dr. T. Istv\u00e1nffy<\/p>\n","protected":false},"excerpt":{"rendered":"<p>&lt;&lt; Konzerte 2014 intersonanzen. brandenburgisches fest der neuen musik 2014 09. &#8211; 17. mai in Potsdam:Stadt- und Landesbibliothek, Kunsthaus sans titre, Humboldtbr\u00fccke,Nikolaisaal Potsdam, Treffpunkt Freizeit, Potsdam Museum &#8211; Forum f\u00fcr Kunst und Geschichte 04.&#46;&#46;&#46;<\/p>\n","protected":false},"author":1,"featured_media":0,"parent":0,"menu_order":0,"comment_status":"closed","ping_status":"closed","template":"","meta":{"_custom_body_class":"","_custom_post_class":"","footnotes":""},"class_list":["post-5728","page","type-page","status-publish","hentry"],"translation":{"provider":"WPGlobus","version":"3.0.2","language":"en","enabled_languages":["de","en"],"languages":{"de":{"title":true,"content":true,"excerpt":false},"en":{"title":true,"content":false,"excerpt":false}}},"_links":{"self":[{"href":"https:\/\/www.neue-musik-brandenburg.de\/en\/wp-json\/wp\/v2\/pages\/5728","targetHints":{"allow":["GET"]}}],"collection":[{"href":"https:\/\/www.neue-musik-brandenburg.de\/en\/wp-json\/wp\/v2\/pages"}],"about":[{"href":"https:\/\/www.neue-musik-brandenburg.de\/en\/wp-json\/wp\/v2\/types\/page"}],"author":[{"embeddable":true,"href":"https:\/\/www.neue-musik-brandenburg.de\/en\/wp-json\/wp\/v2\/users\/1"}],"replies":[{"embeddable":true,"href":"https:\/\/www.neue-musik-brandenburg.de\/en\/wp-json\/wp\/v2\/comments?post=5728"}],"version-history":[{"count":6,"href":"https:\/\/www.neue-musik-brandenburg.de\/en\/wp-json\/wp\/v2\/pages\/5728\/revisions"}],"predecessor-version":[{"id":6509,"href":"https:\/\/www.neue-musik-brandenburg.de\/en\/wp-json\/wp\/v2\/pages\/5728\/revisions\/6509"}],"wp:attachment":[{"href":"https:\/\/www.neue-musik-brandenburg.de\/en\/wp-json\/wp\/v2\/media?parent=5728"}],"curies":[{"name":"wp","href":"https:\/\/api.w.org\/{rel}","templated":true}]}}