{"id":5730,"date":"2022-02-27T09:23:56","date_gmt":"2022-02-27T09:23:56","guid":{"rendered":"http:\/\/neue-musik-brandenburg.multisensoriale.de\/?page_id=5730"},"modified":"2022-03-31T12:19:25","modified_gmt":"2022-03-31T12:19:25","slug":"konzerte-2015","status":"publish","type":"page","link":"https:\/\/www.neue-musik-brandenburg.de\/en\/konzerte-2015\/","title":{"rendered":"Concerts 2015"},"content":{"rendered":"\n<a id=\"r-mitglieder\" href=\"javascript:history.back()\">&lt;&lt;<\/a>\n\n\n\n<h1 class=\"has-pale-cyan-blue-color has-text-color wp-block-heading\" id=\"intersonanzen-2002\">Konzerte 2015<\/h1>\n\n\n\n<hr class=\"wp-block-separator is-style-default\"\/>\n\n\n\n<h2 class=\"has-pale-cyan-blue-color has-text-color wp-block-heading\">intersonanzen.<\/h2>\n\n\n\n<p><strong>brandenburgisches fest der neuen musik 2015<\/strong><\/p>\n\n\n\n<p><br><strong>02. &#8211; 04. Oktober <\/strong>in Potsdam<\/p>\n\n\n\n<p><a href=\"https:\/\/www.neue-musik-brandenburg.de\/wp-content\/uploads\/2022\/03\/pdf\/intersonanzen2015_flyerWeb.pdf\" target=\"_blank\" rel=\"noreferrer noopener\">Flyer<span class=\"hu-external\"><\/span><\/a><\/p>\n\n\n\n<p><a href=\"https:\/\/www.neue-musik-brandenburg.de\/wp-content\/uploads\/2022\/03\/pdf\/intersonanzen-2015.pdf\" target=\"_blank\" rel=\"noreferrer noopener\">Programm 2015<span class=\"hu-external\"><\/span><\/a><\/p>\n\n\n\n<hr class=\"wp-block-separator is-style-default\"\/>\n\n\n\n<p>GRUSSWORT<\/p>\n\n\n\n<p>Sehr geehrte Damen und Herren,<br>liebe Kulturinteressierte,<\/p>\n\n\n\n<p><br>\u2018intersonanzen\u2018 &#8211; das brandenburgische Fest der Neuen Musik &#8211; feiert dieses Jahr nicht nur sein 15-j\u00e4hriges Jubil\u00e4um, son-dern auch 25 Jahre deutsche Wiedervereinigung mit einem hochkar\u00e4tigen und vielseitigen Angebot an Werken zeitgen\u00f6ssischer Musik.<br><br>Gro\u00dfartig sind nicht nur die Besetzungen mit dem Philharmo-nischen Orchester Cottbus, den Ensembles Quillo, KAPmodern, Fathom String Trio und vielen anderen &#8211; den Organisatoren von \u2018intersonanzen 2015\u2018 ist es gelungen, ein wahrhaft spektakul\u00e4res Festivalprogramm mit unterschiedlichen Formaten zusammenzustellen. Insgesamt stehen an den drei Festivaltagen in Potsdam 27 Urauff\u00fchrungen auf dem Programm. Respekt und Gratulation zu dieser Leistung!<br><br>H\u00f6hepunkt ist das Orchesterkonzert des Philharmonischen Orchesters des Staatstheaters Cottbus am 3. Oktober 2015 unter der Leitung des Generalmusikdirektors Evan Christ am Kulturstandort Schiffbauergasse in Potsdam. Orchesterminiaturen herausragender Brandenburger und Berliner Komponisten, die sich auf unterschiedliche Weise mit dem Thema der Wiedervereinigung auseinandersetzen, bieten die einmalige Gelegenheit, den Tag der Deutschen Einheit auf besondere und au\u00dfergew\u00f6hnliche Art zu begehen.<br><br>Die Neue Musik leistet einen wertvollen Beitrag zur Weiter-entwicklung der Musik und des H\u00f6rens. Sie darf bei uns nicht fehlen. Ihre F\u00f6rderung ist eine kulturpolitische Aufgabe. Das Land beteiligt sich daher von Anfang an an dem Festival und wird die Neue Musik weiterhin nach Kr\u00e4ften unterst\u00fctzen.<br>Neue Musik schafft neue Klangerlebnisse. Dem Publikum wird einiges abverlangt, daf\u00fcr wird es reich beschenkt. Wer sich auf Neue Musik einl\u00e4sst, wer sich die Zeit nimmt, intensiv zuzuh\u00f6ren, wer offen ist f\u00fcr neue T\u00f6ne, der erlebt kostbare und einzigartige Momente! Wer wei\u00df, vielleicht wird die Musik, die Sie auf dem Festival h\u00f6ren, die Klassik von morgen sein.<br><br>Ich w\u00fcnsche allen Besucherinnen und Besuchern unvergess-liche Augenblicke!<br>Dem Vorsitzenden und den Mitgliedern des Brandenburgi-schen Vereins Neue Musik m\u00f6chte ich f\u00fcr 15 Jahre erfolg-reichen Einsatz f\u00fcr die Neue Musik herzlich danken.<br><br>Prof. Dr.-Ing. Dr. Sabine Kunst<br>Ministerin f\u00fcr Wissenschaft, Forschung und Kultur des Landes Brandenburg<\/p>\n\n\n\n<hr class=\"wp-block-separator is-style-default\"\/>\n\n\n\n<h2 class=\"wp-block-heading\">42. Cottbuser Musikherbst<\/h2>\n\n\n\n<p>Abschlu\u00dfkonzert<br><strong>19. November 2015<\/strong> in Cottbus<\/p>\n\n\n\n<p>Der BVNM e.V. gestaltet traditionell gemeinsam mit dem Verein &#8220;Cottbuser Musikherbst e.V.&#8221; das Abschlusskonzert der j\u00e4hrlichen Konzertreihe.<br>In diesem Jahr ist es das <strong>Jubil\u00e4ums-Konzert<\/strong> zum 20-j\u00e4hrigen Bestehen der Musikp\u00e4dagogik-Ausbildung in Cottbus .<br><br>Die F\u00f6rderung des Lausitzer Musikschaffens steht im Mittelpunkt dieses Projektes. Daher werden im Abschlusskonzert des nunmehr &#8220;42. Cottbuser Musikherbstes&#8221; vorrangig Werke Cottbuser bzw. Lausitzer Komponisten zur (Ur)Auff\u00fchrung kommen. Daneben will sich der &#8220;Cottbuser Musikherbst&#8221; auch wieder Komponisten aus dem gesamten Land Brandenburg \u00f6ffnen und nach entsprechender Ausschreibung Werke von weiteren Mitgliedern des BVNM e.V. zur Auff\u00fchrung bringen.<\/p>\n\n\n\n<p>Das Ziel, junge Musiker mit der Interpretation zeitgen\u00f6ssischer Musik vertraut zu machen, wird aktuell umgesetzt, indem die Mitglieder des Akademischen Orchesters &#8220;Collegium musicum&#8221; der Brandenburgischen Technischen Universit\u00e4t Cottbus-Senftenberg als Interpreten und Herr Prof. Dr. Tibor Istv\u00e1nffy f\u00fcr die k\u00fcnstlerische Gesamtleitung gewonnen werden.<\/p>\n\n\n\n<p>Die Einbeziehung des Studienganges \u2018Instrumental- und Gesangsp\u00e4dagogik\u2018 bereichert die k\u00fcnstlerische Ausbildung und bietet den teilnehmenden Studenten durch diese intensive Auseinandersetzung mit der Neuen Musik eine zus\u00e4tzliche M\u00f6glichkeit, ihre k\u00fcnstlerischen Kompetenzen zu erweitern. Das Konzert findet somit auch als Facette zur St\u00e4rkung ihrer Interpretenpers\u00f6nlichkeit und als Beitrag zur Entwicklung ihrer technischen und musikalischen Reife Beachtung.<\/p>\n\n\n\n<p>Damit setzt dieses Projekt unmittelbar die Anforderungen der \u2018Kulturpolitischen Strategie 2012\u2018 und die satzungsgem\u00e4\u00dfen Ziele des Vereins um und tr\u00e4gt in ganz spezieller Weise zur landesweiten Begegnung mit Neuer Musik bei.<\/p>\n\n\n\n<p>Es spielt das Collegium musicum<br>Akademisches Orchester der Fachhochschule Lausitz,<br>Dirigent: Prof. Dr. T. Istv\u00e1nffy<br><br>u.a. die &#8220;Festouvert\u00fcre&#8221; (UA) von Frank Petzold und das Werk eines<br>chinesischen Komponisten der Partnerstadt Hangzhou.<\/p>\n","protected":false},"excerpt":{"rendered":"<p>&lt;&lt; Konzerte 2015 intersonanzen. brandenburgisches fest der neuen musik 2015 02. &#8211; 04. Oktober in Potsdam Flyer Programm 2015 GRUSSWORT Sehr geehrte Damen und Herren,liebe Kulturinteressierte, \u2018intersonanzen\u2018 &#8211; das brandenburgische Fest der Neuen Musik&#46;&#46;&#46;<\/p>\n","protected":false},"author":1,"featured_media":0,"parent":0,"menu_order":0,"comment_status":"closed","ping_status":"closed","template":"","meta":{"_custom_body_class":"","_custom_post_class":"","footnotes":""},"class_list":["post-5730","page","type-page","status-publish","hentry"],"translation":{"provider":"WPGlobus","version":"3.0.2","language":"en","enabled_languages":["de","en"],"languages":{"de":{"title":true,"content":true,"excerpt":false},"en":{"title":true,"content":false,"excerpt":false}}},"_links":{"self":[{"href":"https:\/\/www.neue-musik-brandenburg.de\/en\/wp-json\/wp\/v2\/pages\/5730","targetHints":{"allow":["GET"]}}],"collection":[{"href":"https:\/\/www.neue-musik-brandenburg.de\/en\/wp-json\/wp\/v2\/pages"}],"about":[{"href":"https:\/\/www.neue-musik-brandenburg.de\/en\/wp-json\/wp\/v2\/types\/page"}],"author":[{"embeddable":true,"href":"https:\/\/www.neue-musik-brandenburg.de\/en\/wp-json\/wp\/v2\/users\/1"}],"replies":[{"embeddable":true,"href":"https:\/\/www.neue-musik-brandenburg.de\/en\/wp-json\/wp\/v2\/comments?post=5730"}],"version-history":[{"count":9,"href":"https:\/\/www.neue-musik-brandenburg.de\/en\/wp-json\/wp\/v2\/pages\/5730\/revisions"}],"predecessor-version":[{"id":6508,"href":"https:\/\/www.neue-musik-brandenburg.de\/en\/wp-json\/wp\/v2\/pages\/5730\/revisions\/6508"}],"wp:attachment":[{"href":"https:\/\/www.neue-musik-brandenburg.de\/en\/wp-json\/wp\/v2\/media?parent=5730"}],"curies":[{"name":"wp","href":"https:\/\/api.w.org\/{rel}","templated":true}]}}